{"id":103,"date":"2017-05-05T00:56:57","date_gmt":"2017-05-05T03:56:57","guid":{"rendered":"https:\/\/petshopfornazari.com.br\/?page_id=103"},"modified":"2017-06-14T02:30:32","modified_gmt":"2017-06-14T05:30:32","slug":"anestesiologia","status":"publish","type":"page","link":"https:\/\/petshopfornazari.com.br\/index.php\/anestesiologia\/","title":{"rendered":"Anestesiologia"},"content":{"rendered":"<div id=\"pl-103\"  class=\"panel-layout\" ><div id=\"pg-103-0\"  class=\"panel-grid panel-no-style\" ><div id=\"pgc-103-0-0\"  class=\"panel-grid-cell\" ><div id=\"panel-103-0-0-0\" class=\"so-panel widget widget_sow-editor panel-first-child panel-last-child\" data-index=\"0\" ><div class=\"panel-widget-style panel-widget-style-for-103-0-0-0\" ><div class=\"so-widget-sow-editor so-widget-sow-editor-base\">\n<div class=\"siteorigin-widget-tinymce textwidget\">\n\t<h2 style=\"text-align: justify;\"><span style=\"font-size: 18pt;\"><strong><span style=\"font-family: arial,helvetica,sans-serif;\">Anestesiologia<\/span><\/strong><\/span><\/h2>\n<p style=\"text-align: justify;\"><span style=\"font-family: arial,helvetica,sans-serif; font-size: 14pt;\">Essencial para a realiza\u00e7\u00e3o de procedimentos cir\u00fargicos, os profissionais especializados em anestesiologia s\u00e3o amplamente preparados e capacitados \u2013 tendo em vista que, assim como no mundo dos seres humanos, a anestesia para uma cirurgia pode contar com uma s\u00e9rie de restri\u00e7\u00f5es e maneiras corretas e espec\u00edficas de aplica\u00e7\u00e3o, sem contar a necessidade e cuidados como acompanhamento e monitora\u00e7\u00e3o do paciente que esse tipo de interven\u00e7\u00e3o exige. Hoje em dia, os anestesistas aumentam consideravelmente os n\u00edveis de seguran\u00e7a e de sucesso nos procedimentos cir\u00fargicos com as medica\u00e7\u00f5es pr\u00e9-anest\u00e9sicas; planos anest\u00e9sicos conforme o paciente necessita; anestesias local, geral, intravenosa e a mais segura \u00e0 anestesia inalat\u00f3ria.<\/span><\/p>\n<\/div>\n<\/div><\/div><\/div><\/div><\/div><\/div>","protected":false},"excerpt":{"rendered":"<p>AnestesiologiaEssencial para a realiza\u00e7\u00e3o de procedimentos cir\u00fargicos, os profissionais especializados em anestesiologia s\u00e3o amplamente preparados e capacitados \u2013 tendo em vista que, assim como no mundo dos seres humanos, a anestesia para uma cirurgia pode contar com uma s\u00e9rie de restri\u00e7\u00f5es e maneiras corretas e espec\u00edficas de aplica\u00e7\u00e3o, sem contar a necessidade e cuidados como [&hellip;]<\/p>\n","protected":false},"author":1,"featured_media":0,"parent":0,"menu_order":0,"comment_status":"closed","ping_status":"closed","template":"","meta":{"_joinchat":[]},"_links":{"self":[{"href":"https:\/\/petshopfornazari.com.br\/index.php\/wp-json\/wp\/v2\/pages\/103"}],"collection":[{"href":"https:\/\/petshopfornazari.com.br\/index.php\/wp-json\/wp\/v2\/pages"}],"about":[{"href":"https:\/\/petshopfornazari.com.br\/index.php\/wp-json\/wp\/v2\/types\/page"}],"author":[{"embeddable":true,"href":"https:\/\/petshopfornazari.com.br\/index.php\/wp-json\/wp\/v2\/users\/1"}],"replies":[{"embeddable":true,"href":"https:\/\/petshopfornazari.com.br\/index.php\/wp-json\/wp\/v2\/comments?post=103"}],"version-history":[{"count":8,"href":"https:\/\/petshopfornazari.com.br\/index.php\/wp-json\/wp\/v2\/pages\/103\/revisions"}],"predecessor-version":[{"id":548,"href":"https:\/\/petshopfornazari.com.br\/index.php\/wp-json\/wp\/v2\/pages\/103\/revisions\/548"}],"wp:attachment":[{"href":"https:\/\/petshopfornazari.com.br\/index.php\/wp-json\/wp\/v2\/media?parent=103"}],"curies":[{"name":"wp","href":"https:\/\/api.w.org\/{rel}","templated":true}]}}