{"id":105,"date":"2017-05-05T00:58:49","date_gmt":"2017-05-05T03:58:49","guid":{"rendered":"https:\/\/petshopfornazari.com.br\/?page_id=105"},"modified":"2017-06-14T02:33:50","modified_gmt":"2017-06-14T05:33:50","slug":"cardiologia","status":"publish","type":"page","link":"https:\/\/petshopfornazari.com.br\/index.php\/cardiologia\/","title":{"rendered":"Cardiologia"},"content":{"rendered":"<div id=\"pl-105\"  class=\"panel-layout\" ><div id=\"pg-105-0\"  class=\"panel-grid panel-no-style\" ><div id=\"pgc-105-0-0\"  class=\"panel-grid-cell\" ><div id=\"panel-105-0-0-0\" class=\"so-panel widget widget_sow-editor panel-first-child panel-last-child\" data-index=\"0\" ><div class=\"panel-widget-style panel-widget-style-for-105-0-0-0\" ><div class=\"so-widget-sow-editor so-widget-sow-editor-base\">\n<div class=\"siteorigin-widget-tinymce textwidget\">\n\t<h5 style=\"text-align: justify;\"><strong><span style=\"font-family: arial,helvetica,sans-serif; font-size: 18pt;\">Cardiologia<\/span><\/strong> <\/h5>\n<p style=\"text-align: justify;\"><span style=\"font-family: arial,helvetica,sans-serif; font-size: 14pt;\">Com o objetivo de diagnosticar e tratar as principais patologias cardiol\u00f3gicas de animais, o especialista em cardiologia \u00e9 fundamental na rotina clinica.<\/span><br \/><span style=\"font-family: arial,helvetica,sans-serif; font-size: 14pt;\"> Os atuais exames espec\u00edficos s\u00e3o o eletrocardiograma e o ecocardiograma que s\u00e3o realizados pelo cardiologista. Cada vez mais usados, s\u00e3o excelentes ferramentas para diagnostico do seu amigo, com resultados espec\u00edficos que permitam a defini\u00e7\u00e3o de diagn\u00f3sticos e a indica\u00e7\u00e3o de tratamentos eficientes.<\/span><\/p>\n<\/div>\n<\/div><\/div><\/div><\/div><\/div><\/div>","protected":false},"excerpt":{"rendered":"<p>Cardiologia Com o objetivo de diagnosticar e tratar as principais patologias cardiol\u00f3gicas de animais, o especialista em cardiologia \u00e9 fundamental na rotina clinica. Os atuais exames espec\u00edficos s\u00e3o o eletrocardiograma e o ecocardiograma que s\u00e3o realizados pelo cardiologista. Cada vez mais usados, s\u00e3o excelentes ferramentas para diagnostico do seu amigo, com resultados espec\u00edficos que permitam [&hellip;]<\/p>\n","protected":false},"author":1,"featured_media":0,"parent":0,"menu_order":0,"comment_status":"closed","ping_status":"closed","template":"","meta":{"_joinchat":[]},"_links":{"self":[{"href":"https:\/\/petshopfornazari.com.br\/index.php\/wp-json\/wp\/v2\/pages\/105"}],"collection":[{"href":"https:\/\/petshopfornazari.com.br\/index.php\/wp-json\/wp\/v2\/pages"}],"about":[{"href":"https:\/\/petshopfornazari.com.br\/index.php\/wp-json\/wp\/v2\/types\/page"}],"author":[{"embeddable":true,"href":"https:\/\/petshopfornazari.com.br\/index.php\/wp-json\/wp\/v2\/users\/1"}],"replies":[{"embeddable":true,"href":"https:\/\/petshopfornazari.com.br\/index.php\/wp-json\/wp\/v2\/comments?post=105"}],"version-history":[{"count":14,"href":"https:\/\/petshopfornazari.com.br\/index.php\/wp-json\/wp\/v2\/pages\/105\/revisions"}],"predecessor-version":[{"id":556,"href":"https:\/\/petshopfornazari.com.br\/index.php\/wp-json\/wp\/v2\/pages\/105\/revisions\/556"}],"wp:attachment":[{"href":"https:\/\/petshopfornazari.com.br\/index.php\/wp-json\/wp\/v2\/media?parent=105"}],"curies":[{"name":"wp","href":"https:\/\/api.w.org\/{rel}","templated":true}]}}