{"id":109,"date":"2017-05-05T01:10:54","date_gmt":"2017-05-05T04:10:54","guid":{"rendered":"https:\/\/petshopfornazari.com.br\/?page_id=109"},"modified":"2017-06-28T17:02:12","modified_gmt":"2017-06-28T20:02:12","slug":"especialista-em-gatos","status":"publish","type":"page","link":"https:\/\/petshopfornazari.com.br\/index.php\/especialista-em-gatos\/","title":{"rendered":"Especialista em Felinos"},"content":{"rendered":"<div id=\"pl-109\"  class=\"panel-layout\" ><div id=\"pg-109-0\"  class=\"panel-grid panel-no-style\" ><div id=\"pgc-109-0-0\"  class=\"panel-grid-cell\" ><div id=\"panel-109-0-0-0\" class=\"so-panel widget widget_sow-editor panel-first-child panel-last-child\" data-index=\"0\" ><div class=\"panel-widget-style panel-widget-style-for-109-0-0-0\" ><div class=\"so-widget-sow-editor so-widget-sow-editor-base\">\n<div class=\"siteorigin-widget-tinymce textwidget\">\n\t<h3 style=\"text-align: justify;\"><span style=\"font-family: arial,helvetica,sans-serif;\"><strong>Especialista em Felinos<\/strong><\/span><\/h3>\n<p><img loading=\"lazy\" class=\" wp-image-493 alignright\" src=\"https:\/\/petshopfornazari.com.br\/wp-content\/uploads\/2017\/05\/marco-vet-300x225.jpg\" alt=\"\" width=\"31%\" height=\"auto\" srcset=\"https:\/\/petshopfornazari.com.br\/wp-content\/uploads\/2017\/05\/marco-vet-300x225.jpg 300w, https:\/\/petshopfornazari.com.br\/wp-content\/uploads\/2017\/05\/marco-vet-768x576.jpg 768w, https:\/\/petshopfornazari.com.br\/wp-content\/uploads\/2017\/05\/marco-vet-1024x768.jpg 1024w, https:\/\/petshopfornazari.com.br\/wp-content\/uploads\/2017\/05\/marco-vet.jpg 1032w\" sizes=\"(max-width: 300px) 100vw, 300px\" \/><\/p>\n<p style=\"text-align: justify;\"><span style=\"font-family: arial,helvetica,sans-serif; font-size: 14pt;\">O universo dos\u00a0 felinos conta\u00a0 com algumas particularidades que necessita de um\u00a0 atendimento diferenciado, em fun\u00e7\u00e3o\u00a0 disso temos um veterin\u00e1rio especializado na esp\u00e9cie, para atender de maneira adequada e realizar um diagn\u00f3stico preciso do seu animal.<\/span><\/p>\n<p style=\"text-align: justify;\">\u00a0<\/p>\n<h4 style=\"text-align: justify;\"><strong><span style=\"font-family: arial,helvetica,sans-serif; font-size: 14pt;\">Dr. Marcos Fornazari CRMV 9374<\/span><\/strong><\/h4>\n<p style=\"text-align: justify;\"> <span style=\"font-family: arial,helvetica,sans-serif; font-size: 14pt;\"> Graduado pela Universidade Paulista (UNIP) em 1995.<\/span><br \/> <span style=\"font-family: arial,helvetica,sans-serif; font-size: 14pt;\"> P\u00f3s Graduado em Medicina de Felinos em 2005 pela ANCLIVEPA-SP<\/span><\/p>\n<p style=\"text-align: justify;\">\u00a0<\/p>\n<p style=\"text-align: justify;\">\u00a0<\/p>\n<p style=\"text-align: justify;\">\u00a0<\/p>\n<\/div>\n<\/div><\/div><\/div><\/div><\/div><\/div>","protected":false},"excerpt":{"rendered":"<p>Especialista em FelinosO universo dos\u00a0 felinos conta\u00a0 com algumas particularidades que necessita de um\u00a0 atendimento diferenciado, em fun\u00e7\u00e3o\u00a0 disso temos um veterin\u00e1rio especializado na esp\u00e9cie, para atender de maneira adequada e realizar um diagn\u00f3stico preciso do seu animal.\u00a0Dr. Marcos Fornazari CRMV 9374 Graduado pela Universidade Paulista (UNIP) em 1995. P\u00f3s Graduado em Medicina de Felinos [&hellip;]<\/p>\n","protected":false},"author":1,"featured_media":0,"parent":0,"menu_order":0,"comment_status":"closed","ping_status":"closed","template":"","meta":{"_joinchat":[]},"_links":{"self":[{"href":"https:\/\/petshopfornazari.com.br\/index.php\/wp-json\/wp\/v2\/pages\/109"}],"collection":[{"href":"https:\/\/petshopfornazari.com.br\/index.php\/wp-json\/wp\/v2\/pages"}],"about":[{"href":"https:\/\/petshopfornazari.com.br\/index.php\/wp-json\/wp\/v2\/types\/page"}],"author":[{"embeddable":true,"href":"https:\/\/petshopfornazari.com.br\/index.php\/wp-json\/wp\/v2\/users\/1"}],"replies":[{"embeddable":true,"href":"https:\/\/petshopfornazari.com.br\/index.php\/wp-json\/wp\/v2\/comments?post=109"}],"version-history":[{"count":50,"href":"https:\/\/petshopfornazari.com.br\/index.php\/wp-json\/wp\/v2\/pages\/109\/revisions"}],"predecessor-version":[{"id":615,"href":"https:\/\/petshopfornazari.com.br\/index.php\/wp-json\/wp\/v2\/pages\/109\/revisions\/615"}],"wp:attachment":[{"href":"https:\/\/petshopfornazari.com.br\/index.php\/wp-json\/wp\/v2\/media?parent=109"}],"curies":[{"name":"wp","href":"https:\/\/api.w.org\/{rel}","templated":true}]}}