{"id":16,"date":"2017-04-20T03:09:41","date_gmt":"2017-04-20T06:09:41","guid":{"rendered":"https:\/\/petshopfornazari.com.br\/?page_id=16"},"modified":"2017-05-29T11:56:04","modified_gmt":"2017-05-29T14:56:04","slug":"sobre-a-clinica","status":"publish","type":"page","link":"https:\/\/petshopfornazari.com.br\/index.php\/sobre-a-clinica\/","title":{"rendered":"Sobre a Fornazari"},"content":{"rendered":"<div id=\"pl-16\"  class=\"panel-layout\" ><div id=\"pg-16-0\"  class=\"panel-grid panel-no-style\" ><div id=\"pgc-16-0-0\"  class=\"panel-grid-cell\" ><div id=\"panel-16-0-0-0\" class=\"so-panel widget widget_sow-editor panel-first-child panel-last-child\" data-index=\"0\" ><div class=\"panel-widget-style panel-widget-style-for-16-0-0-0\" ><div class=\"so-widget-sow-editor so-widget-sow-editor-base\">\n<div class=\"siteorigin-widget-tinymce textwidget\">\n\t<p><strong>A HIST\u00d3RIA DA CL\u00cdNICA:<\/strong><\/p>\n<p style=\"text-align: justify;\">O VETERIN\u00c1RIO E PET SHOP FORNAZARI FOI FUNDADO PELO DR. MARCOS ROBERTO DE CASTRO FORNAZARI EM JANEIRO DE 1997.<\/p>\n<p style=\"text-align: justify;\">GRADUADO PELA UNIVERSIDADE PAULISTA(UNIP) EM 1995 O DR. MARCOS INICIOU SEU PRIMEIRO ANO COMO M\u00c9DICO VETERIN\u00c1RIO EXCLUSIVAMENTE COM ATENDIMENTO DOMICILIAR , E DEVIDO A GRANDE PROCURA , VIU-SE A NECESSIDADE DE TER UMA ESTRUTURA F\u00cdSICA PARA GARANTIR A QUALIDADE DO SEU SERVI\u00c7O.<\/p>\n<p style=\"text-align: justify;\">NA \u00c9POCA A REGI\u00c3O ERA CARENTE DE VETERIN\u00c1RIOS E A CL\u00cdNICA FOI CRESCENDO CONFORME A CLIENTELA IA AUMENTANDO, E EM 2000 FOI MONTADO O PET SHOP NA CASA AO LADO DA CL\u00cdNICA, COM ESTRUTURA PARA BANHO E TOSA E VENDA DE RA\u00c7\u00c3O E ACESS\u00d3RIOS.<\/p>\n<p style=\"text-align: justify;\">HOJE COM MUITO EMPENHO E CARINHO A VETERIN\u00c1RIA FORNAZARI \u00c9 UMA REFER\u00caNCIA NO ATENDIMENTO DE C\u00c3ES E GATOS NA REGI\u00c3O DA BRASIL\u00c2NDIA E FREGUESIA DO \u00d3, DISPONDO DE V\u00c1RIAS ESPECIALIDADES VETERIN\u00c1RIAS COMO ACUPUNTURA, CARDIOLOGIA, DERMATOLOGIA, ODONTOLOGIA, OFTALMOLOGIA E ONCOLOGIA.<\/p>\n<\/div>\n<\/div><\/div><\/div><\/div><\/div><\/div>","protected":false},"excerpt":{"rendered":"<p>A HIST\u00d3RIA DA CL\u00cdNICA:O VETERIN\u00c1RIO E PET SHOP FORNAZARI FOI FUNDADO PELO DR. MARCOS ROBERTO DE CASTRO FORNAZARI EM JANEIRO DE 1997.GRADUADO PELA UNIVERSIDADE PAULISTA(UNIP) EM 1995 O DR. MARCOS INICIOU SEU PRIMEIRO ANO COMO M\u00c9DICO VETERIN\u00c1RIO EXCLUSIVAMENTE COM ATENDIMENTO DOMICILIAR , E DEVIDO A GRANDE PROCURA , VIU-SE A NECESSIDADE DE TER UMA ESTRUTURA [&hellip;]<\/p>\n","protected":false},"author":1,"featured_media":21,"parent":0,"menu_order":0,"comment_status":"closed","ping_status":"closed","template":"","meta":{"_joinchat":[]},"_links":{"self":[{"href":"https:\/\/petshopfornazari.com.br\/index.php\/wp-json\/wp\/v2\/pages\/16"}],"collection":[{"href":"https:\/\/petshopfornazari.com.br\/index.php\/wp-json\/wp\/v2\/pages"}],"about":[{"href":"https:\/\/petshopfornazari.com.br\/index.php\/wp-json\/wp\/v2\/types\/page"}],"author":[{"embeddable":true,"href":"https:\/\/petshopfornazari.com.br\/index.php\/wp-json\/wp\/v2\/users\/1"}],"replies":[{"embeddable":true,"href":"https:\/\/petshopfornazari.com.br\/index.php\/wp-json\/wp\/v2\/comments?post=16"}],"version-history":[{"count":44,"href":"https:\/\/petshopfornazari.com.br\/index.php\/wp-json\/wp\/v2\/pages\/16\/revisions"}],"predecessor-version":[{"id":89,"href":"https:\/\/petshopfornazari.com.br\/index.php\/wp-json\/wp\/v2\/pages\/16\/revisions\/89"}],"wp:featuredmedia":[{"embeddable":true,"href":"https:\/\/petshopfornazari.com.br\/index.php\/wp-json\/wp\/v2\/media\/21"}],"wp:attachment":[{"href":"https:\/\/petshopfornazari.com.br\/index.php\/wp-json\/wp\/v2\/media?parent=16"}],"curies":[{"name":"wp","href":"https:\/\/api.w.org\/{rel}","templated":true}]}}