{"id":167,"date":"2017-05-08T19:24:42","date_gmt":"2017-05-08T22:24:42","guid":{"rendered":"https:\/\/petshopfornazari.com.br\/?page_id=167"},"modified":"2025-06-26T19:15:49","modified_gmt":"2025-06-26T22:15:49","slug":"clinica","status":"publish","type":"page","link":"https:\/\/petshopfornazari.com.br\/index.php\/clinica\/","title":{"rendered":"Cl\u00ednica"},"content":{"rendered":"<div id=\"pl-167\"  class=\"panel-layout\" ><div id=\"pg-167-0\"  class=\"panel-grid panel-no-style\" ><div id=\"pgc-167-0-0\"  class=\"panel-grid-cell\" ><div id=\"panel-167-0-0-0\" class=\"so-panel widget widget_sow-editor panel-first-child panel-last-child\" data-index=\"0\" ><div class=\"panel-widget-style panel-widget-style-for-167-0-0-0\" ><div class=\"so-widget-sow-editor so-widget-sow-editor-base\">\n<div class=\"siteorigin-widget-tinymce textwidget\">\n\t<p><strong>Estaremos atendendo na cl\u00ednica com consultas agendadas, de segunda a sexta-feira:<br \/>\n<\/strong><\/p>\n<ul>\n<li><strong>09:00 hs \u00e1s 20:00 hs \u2013 R$ 130,00<\/strong><strong><br \/>\n<\/strong><\/li>\n<\/ul>\n<p class=\"western\"><strong>S\u00e1bado: Atendimento \u00e9 por ordem de chegada:<\/strong><\/p>\n<ul>\n<li><strong>09:00 hs \u00e1s 18:00 hs \u2013 R$ 130,00<\/strong><\/li>\n<\/ul>\n<p><strong>Valores das Vacinas C\u00e3es<br \/>\n<\/strong><\/p>\n<ul>\n<li><strong>V10 \/ V8 \/ V4 - R$ 120,00\u00a0<\/strong><\/li>\n<li><strong>Vac. Giardia - R$ 135,00<\/strong><\/li>\n<li><strong>Gripe Oral - R$ 135,00 (em falta)<\/strong><\/li>\n<li><strong>Vac. Raiva - R$ 90,00<\/strong><\/li>\n<\/ul>\n<p><strong>Valores das Vacinas Gatos e Gatas<br \/>\n<\/strong><\/p>\n<ul>\n<li><strong>V4 - R$ 105,00<\/strong><\/li>\n<li><strong>V5 - R$ 160,00<\/strong><\/li>\n<li><strong>Raiva - R$ 75,00<br \/>\n<\/strong><\/li>\n<\/ul>\n<p><strong>Valores de outras especialidades e servi\u00e7os<\/strong><\/p>\n<ul>\n<li><strong>Castra\u00e7\u00e3o Gato (anestesia injet\u00e1vel) - R$ 330,00<\/strong><\/li>\n<li><strong>Castra\u00e7\u00e3o Gato (anestesia injet\u00e1vel) - R$ 290,00<\/strong><\/li>\n<\/ul>\n<p><strong>Consultas especializadas: Cardiologia, Dermatologia, Felinos, Oftalmologia, Oncologia e Ortopedia - Valores consultar com a recep\u00e7\u00e3o.<\/strong><\/p>\n<p><strong>Trabalhamos com cirurgias monitoradas por anestesistas.<\/strong><\/p>\n<p>&nbsp;<\/p>\n<p><span style=\"font-family: arial,helvetica,sans-serif; font-size: 14pt;\"><span style=\"color: #ff0000;\"><strong>Temos o servi\u00e7o de leva e traz para atendimento na cl\u00ednica e uma ampla farm\u00e1cia de medicamentos veterin\u00e1rios.<\/strong><\/span><\/span><\/p>\n<p class=\"western\"><span style=\"font-family: arial,helvetica,sans-serif; font-size: 14pt;\">-Cuidados pr\u00e9 operat\u00f3rio: 08 horas de jejum de \u00e1gua e comida<\/span><\/p>\n<p class=\"western\"><span style=\"font-family: arial,helvetica,sans-serif; font-size: 14pt;\">-Cuidados pr\u00e9 realiza\u00e7\u00e3o de exame ultrassonografia: 08 horas de jejum alimentar apenas, \u00e1gua a vontade e 02 horas sem urinar de prefer\u00eancia<\/span><\/p>\n<p class=\"western\"><span style=\"font-family: arial,helvetica,sans-serif; font-size: 14pt;\">-Cuidados pr\u00e9 exames de sangues: 08 horas de jejum alimentar apenas.<\/span><\/p>\n<p class=\"western\"><span style=\"font-family: arial,helvetica,sans-serif; font-size: 14pt;\">-Cuidados pr\u00e9 exame de urina: 02 horas sem urinar de prefer\u00eancia<\/span><\/p>\n<p class=\"western\"><span style=\"font-family: arial,helvetica,sans-serif; font-size: 14pt;\">-Cuidados para realiza\u00e7\u00e3o de exame de fezes: Coletar preferencialmente amostra de fezes frescas e n\u00e3o expostas ao sol. As amostras podem ser coletadas em diferentes dias e acondicionadas sob refrigera\u00e7\u00e3o (2 a 8\u00b0C) por at\u00e9 72 horas.<\/span><\/p>\n<p class=\"western\"><span style=\"font-family: arial,helvetica,sans-serif; font-size: 14pt;\">\u00a0<\/span><\/p>\n<style id=\"bwg-style-0\">    #bwg_container1_0 #bwg_container2_0 .bwg-container-0.bwg-standard-thumbnails {      width: 904px;              justify-content: center;        margin:0 auto !important;              background-color: rgba(255, 255, 255, 0.00);            padding-left: 4px;      padding-top: 4px;      max-width: 100%;            }        #bwg_container1_0 #bwg_container2_0 .bwg-container-0.bwg-standard-thumbnails .bwg-item {      justify-content: flex-start;      max-width: 180px;          }    #bwg_container1_0 #bwg_container2_0 .bwg-container-0.bwg-standard-thumbnails .bwg-item > a {       margin-right: 4px;       margin-bottom: 4px;    }    #bwg_container1_0 #bwg_container2_0 .bwg-container-0.bwg-standard-thumbnails .bwg-item0 {      padding: 0px;            background-color:rgba(255,255,255, 0.30);      border: 0px none #CCCCCC;      opacity: 1.00;      border-radius: 0;      box-shadow: 0px 0px 0px #888888;    }    #bwg_container1_0 #bwg_container2_0 .bwg-container-0.bwg-standard-thumbnails .bwg-item1 img {      max-height: none;      max-width: none;      padding: 0 !important;    }        @media only screen and (min-width: 480px) {      #bwg_container1_0 #bwg_container2_0 .bwg-container-0.bwg-standard-thumbnails .bwg-item0 {        transition: all 0.3s ease 0s;-webkit-transition: all 0.3s ease 0s;      }      #bwg_container1_0 #bwg_container2_0 .bwg-container-0.bwg-standard-thumbnails .bwg-item0:hover {        -ms-transform: scale(1.1);        -webkit-transform: scale(1.1);        transform: scale(1.1);      }    }          #bwg_container1_0 #bwg_container2_0 .bwg-container-0.bwg-standard-thumbnails .bwg-item1 {      padding-top: 50%;    }        #bwg_container1_0 #bwg_container2_0 .bwg-container-0.bwg-standard-thumbnails .bwg-title2,    #bwg_container1_0 #bwg_container2_0 .bwg-container-0.bwg-standard-thumbnails .bwg-ecommerce2 {      color: #CCCCCC;      font-family: segoe ui;      font-size: 16px;      font-weight: bold;      padding: 2px;      text-shadow: 0px 0px 0px #888888;      max-height: 100%;    }    #bwg_container1_0 #bwg_container2_0 .bwg-container-0.bwg-standard-thumbnails .bwg-thumb-description span {    color: #323A45;    font-family: Ubuntu;    font-size: 12px;    max-height: 100%;    word-wrap: break-word;    }    #bwg_container1_0 #bwg_container2_0 .bwg-container-0.bwg-standard-thumbnails .bwg-play-icon2 {      font-size: 32px;    }    #bwg_container1_0 #bwg_container2_0 .bwg-container-0.bwg-standard-thumbnails .bwg-ecommerce2 {      font-size: 19.2px;      color: #CCCCCC;    }    <\/style>    <div id=\"bwg_container1_0\"         class=\"bwg_container bwg_thumbnail bwg_thumbnails\"         data-right-click-protection=\"0\"         data-bwg=\"0\"         data-gallery-type=\"thumbnails\"         data-current-url=\"https:\/\/petshopfornazari.com.br\/index.php\/wp-json\/wp\/v2\/pages\/167\"         data-lightbox-url=\"https:\/\/petshopfornazari.com.br\/wp-admin\/admin-ajax.php?action=GalleryBox&#038;current_view=0&#038;gallery_id=2&#038;tag=0&#038;theme_id=1&#038;shortcode_id=3&#038;sort_by=order&#038;order_by=asc&#038;current_url=https%3A%2F%2Fpetshopfornazari.com.br%2Findex.php%2Fwp-json%2Fwp%2Fv2%2Fpages%2F167\"         data-gallery-id=\"2\"         data-popup-width=\"800\"         data-popup-height=\"500\"         data-is-album=\"gallery\"         data-buttons-position=\"bottom\">      <div id=\"bwg_container2_0\">             <div id=\"ajax_loading_0\" class=\"bwg_loading_div_1\">      <div class=\"bwg_loading_div_2\">        <div class=\"bwg_loading_div_3\">          <div id=\"loading_div_0\" class=\"bwg_spider_ajax_loading\">          <\/div>        <\/div>      <\/div>    <\/div>            <form id=\"gal_front_form_0\"              class=\"bwg-hidden\"              method=\"post\"              action=\"#\"              data-current=\"0\"              data-shortcode-id=\"3\"              data-gallery-type=\"thumbnails\"              data-gallery-id=\"2\"              data-tag=\"0\"              data-album-id=\"0\"              data-theme-id=\"1\"              data-ajax-url=\"https:\/\/petshopfornazari.com.br\/wp-admin\/admin-ajax.php?action=bwg_frontend_data\">          <div id=\"bwg_container3_0\" class=\"bwg-background bwg-background-0\">                <div data-max-count=\"5\"         data-thumbnail-width=\"180\"         data-bwg=\"0\"         data-gallery-id=\"2\"         data-lightbox-url=\"https:\/\/petshopfornazari.com.br\/wp-admin\/admin-ajax.php?action=GalleryBox&amp;current_view=0&amp;gallery_id=2&amp;tag=0&amp;theme_id=1&amp;shortcode_id=3&amp;sort_by=order&amp;order_by=asc&amp;current_url=https%3A%2F%2Fpetshopfornazari.com.br%2Findex.php%2Fwp-json%2Fwp%2Fv2%2Fpages%2F167\"         id=\"bwg_thumbnails_0\"         class=\"bwg-container-0 bwg-thumbnails bwg-standard-thumbnails bwg-container bwg-border-box\">            <div class=\"bwg-item\">        <a class=\"bwg-a bwg_lightbox\"  data-image-id=\"46\" href=\"https:\/\/petshopfornazari.com.br\/wp-content\/uploads\/photo-gallery\/20220314_083732.jpg?bwg=1657092787\" data-elementor-open-lightbox=\"no\" >                <div class=\"bwg-item0 \">          <div class=\"bwg-item1 \">            <div class=\"bwg-item2\">              <img class=\"skip-lazy bwg_standart_thumb_img_0 \"                   data-id=\"46\"                   data-width=\"500\"                   data-height=\"225\"                   data-src=\"https:\/\/petshopfornazari.com.br\/wp-content\/uploads\/photo-gallery\/thumb\/20220314_083732.jpg?bwg=1657092787\"                   src=\"https:\/\/petshopfornazari.com.br\/wp-content\/uploads\/photo-gallery\/thumb\/20220314_083732.jpg?bwg=1657092787\"                   alt=\"Clinica\"                   title=\"Clinica\" \/>            <\/div>            <div class=\"\">                                                      <\/div>          <\/div>        <\/div>                <div class=\"bwg-title1\"><div class=\"bwg-title2\">Clinica<\/div><\/div>        <\/a>              <\/div>            <div class=\"bwg-item\">        <a class=\"bwg-a bwg_lightbox\"  data-image-id=\"47\" href=\"https:\/\/petshopfornazari.com.br\/wp-content\/uploads\/photo-gallery\/20220314_083718.jpg?bwg=1657092787\" data-elementor-open-lightbox=\"no\" >                <div class=\"bwg-item0 \">          <div class=\"bwg-item1 \">            <div class=\"bwg-item2\">              <img class=\"skip-lazy bwg_standart_thumb_img_0 \"                   data-id=\"47\"                   data-width=\"500\"                   data-height=\"225\"                   data-src=\"https:\/\/petshopfornazari.com.br\/wp-content\/uploads\/photo-gallery\/thumb\/20220314_083718.jpg?bwg=1657092787\"                   src=\"https:\/\/petshopfornazari.com.br\/wp-content\/uploads\/photo-gallery\/thumb\/20220314_083718.jpg?bwg=1657092787\"                   alt=\"Clinica\"                   title=\"Clinica\" \/>            <\/div>            <div class=\"\">                                                      <\/div>          <\/div>        <\/div>                <div class=\"bwg-title1\"><div class=\"bwg-title2\">Clinica<\/div><\/div>        <\/a>              <\/div>            <div class=\"bwg-item\">        <a class=\"bwg-a bwg_lightbox\"  data-image-id=\"45\" href=\"https:\/\/petshopfornazari.com.br\/wp-content\/uploads\/photo-gallery\/20220314_085851.jpg?bwg=1657091863\" data-elementor-open-lightbox=\"no\" >                <div class=\"bwg-item0 \">          <div class=\"bwg-item1 \">            <div class=\"bwg-item2\">              <img class=\"skip-lazy bwg_standart_thumb_img_0 \"                   data-id=\"45\"                   data-width=\"500\"                   data-height=\"225\"                   data-src=\"https:\/\/petshopfornazari.com.br\/wp-content\/uploads\/photo-gallery\/thumb\/20220314_085851.jpg?bwg=1657091863\"                   src=\"https:\/\/petshopfornazari.com.br\/wp-content\/uploads\/photo-gallery\/thumb\/20220314_085851.jpg?bwg=1657091863\"                   alt=\"Clinica\"                   title=\"Clinica\" \/>            <\/div>            <div class=\"\">                                                      <\/div>          <\/div>        <\/div>                <div class=\"bwg-title1\"><div class=\"bwg-title2\">Clinica<\/div><\/div>        <\/a>              <\/div>            <div class=\"bwg-item\">        <a class=\"bwg-a bwg_lightbox\"  data-image-id=\"44\" href=\"https:\/\/petshopfornazari.com.br\/wp-content\/uploads\/photo-gallery\/20220314_084241.jpg?bwg=1657091788\" data-elementor-open-lightbox=\"no\" >                <div class=\"bwg-item0 \">          <div class=\"bwg-item1 \">            <div class=\"bwg-item2\">              <img class=\"skip-lazy bwg_standart_thumb_img_0 \"                   data-id=\"44\"                   data-width=\"500\"                   data-height=\"225\"                   data-src=\"https:\/\/petshopfornazari.com.br\/wp-content\/uploads\/photo-gallery\/thumb\/20220314_084241.jpg?bwg=1657091788\"                   src=\"https:\/\/petshopfornazari.com.br\/wp-content\/uploads\/photo-gallery\/thumb\/20220314_084241.jpg?bwg=1657091788\"                   alt=\"Clinica\"                   title=\"Clinica\" \/>            <\/div>            <div class=\"\">                                                      <\/div>          <\/div>        <\/div>                <div class=\"bwg-title1\"><div class=\"bwg-title2\">Clinica<\/div><\/div>        <\/a>              <\/div>            <div class=\"bwg-item\">        <a class=\"bwg-a bwg_lightbox\"  data-image-id=\"43\" href=\"https:\/\/petshopfornazari.com.br\/wp-content\/uploads\/photo-gallery\/20220314_084711.jpg?bwg=1657091632\" data-elementor-open-lightbox=\"no\" >                <div class=\"bwg-item0 \">          <div class=\"bwg-item1 \">            <div class=\"bwg-item2\">              <img class=\"skip-lazy bwg_standart_thumb_img_0 \"                   data-id=\"43\"                   data-width=\"500\"                   data-height=\"225\"                   data-src=\"https:\/\/petshopfornazari.com.br\/wp-content\/uploads\/photo-gallery\/thumb\/20220314_084711.jpg?bwg=1657091632\"                   src=\"https:\/\/petshopfornazari.com.br\/wp-content\/uploads\/photo-gallery\/thumb\/20220314_084711.jpg?bwg=1657091632\"                   alt=\"Clinica\"                   title=\"Clinica\" \/>            <\/div>            <div class=\"\">                                                      <\/div>          <\/div>        <\/div>                <div class=\"bwg-title1\"><div class=\"bwg-title2\">Clinica<\/div><\/div>        <\/a>              <\/div>            <div class=\"bwg-item\">        <a class=\"bwg-a bwg_lightbox\"  data-image-id=\"41\" href=\"https:\/\/petshopfornazari.com.br\/wp-content\/uploads\/photo-gallery\/WhatsApp-Image-2022-06-29-at-08.54.04.jpeg?bwg=1657091529\" data-elementor-open-lightbox=\"no\" >                <div class=\"bwg-item0 \">          <div class=\"bwg-item1 \">            <div class=\"bwg-item2\">              <img class=\"skip-lazy bwg_standart_thumb_img_0 \"                   data-id=\"41\"                   data-width=\"500\"                   data-height=\"281\"                   data-src=\"https:\/\/petshopfornazari.com.br\/wp-content\/uploads\/photo-gallery\/thumb\/WhatsApp-Image-2022-06-29-at-08.54.04.jpeg?bwg=1657091529\"                   src=\"https:\/\/petshopfornazari.com.br\/wp-content\/uploads\/photo-gallery\/thumb\/WhatsApp-Image-2022-06-29-at-08.54.04.jpeg?bwg=1657091529\"                   alt=\"Recep\u00e7\u00e3o\"                   title=\"Recep\u00e7\u00e3o\" \/>            <\/div>            <div class=\"\">                                                      <\/div>          <\/div>        <\/div>                <div class=\"bwg-title1\"><div class=\"bwg-title2\">Recep\u00e7\u00e3o<\/div><\/div>        <\/a>              <\/div>            <div class=\"bwg-item\">        <a class=\"bwg-a bwg_lightbox\"  data-image-id=\"42\" href=\"https:\/\/petshopfornazari.com.br\/wp-content\/uploads\/photo-gallery\/WhatsApp-Image-2022-06-29-at-08.50.16.jpeg?bwg=1657091529\" data-elementor-open-lightbox=\"no\" >                <div class=\"bwg-item0 \">          <div class=\"bwg-item1 \">            <div class=\"bwg-item2\">              <img class=\"skip-lazy bwg_standart_thumb_img_0 \"                   data-id=\"42\"                   data-width=\"500\"                   data-height=\"281\"                   data-src=\"https:\/\/petshopfornazari.com.br\/wp-content\/uploads\/photo-gallery\/thumb\/WhatsApp-Image-2022-06-29-at-08.50.16.jpeg?bwg=1657091529\"                   src=\"https:\/\/petshopfornazari.com.br\/wp-content\/uploads\/photo-gallery\/thumb\/WhatsApp-Image-2022-06-29-at-08.50.16.jpeg?bwg=1657091529\"                   alt=\"Recep\u00e7\u00e3o\"                   title=\"Recep\u00e7\u00e3o\" \/>            <\/div>            <div class=\"\">                                                      <\/div>          <\/div>        <\/div>                <div class=\"bwg-title1\"><div class=\"bwg-title2\">Recep\u00e7\u00e3o<\/div><\/div>        <\/a>              <\/div>            <div class=\"bwg-item\">        <a class=\"bwg-a bwg_lightbox\"  data-image-id=\"24\" href=\"https:\/\/petshopfornazari.com.br\/wp-content\/uploads\/photo-gallery\/consultorio.jpg\" data-elementor-open-lightbox=\"no\" >                <div class=\"bwg-item0 \">          <div class=\"bwg-item1 \">            <div class=\"bwg-item2\">              <img class=\"skip-lazy bwg_standart_thumb_img_0 \"                   data-id=\"24\"                   data-width=\"500\"                   data-height=\"280\"                   data-src=\"https:\/\/petshopfornazari.com.br\/wp-content\/uploads\/photo-gallery\/thumb\/consultorio.jpg\"                   src=\"https:\/\/petshopfornazari.com.br\/wp-content\/uploads\/photo-gallery\/thumb\/consultorio.jpg\"                   alt=\"Consult\u00f3rio\"                   title=\"Consult\u00f3rio\" \/>            <\/div>            <div class=\"\">                                                      <\/div>          <\/div>        <\/div>                <div class=\"bwg-title1\"><div class=\"bwg-title2\">Consult\u00f3rio<\/div><\/div>        <\/a>              <\/div>            <div class=\"bwg-item\">        <a class=\"bwg-a bwg_lightbox\"  data-image-id=\"25\" href=\"https:\/\/petshopfornazari.com.br\/wp-content\/uploads\/photo-gallery\/cir-2.jpg\" data-elementor-open-lightbox=\"no\" >                <div class=\"bwg-item0 \">          <div class=\"bwg-item1 \">            <div class=\"bwg-item2\">              <img class=\"skip-lazy bwg_standart_thumb_img_0 \"                   data-id=\"25\"                   data-width=\"280\"                   data-height=\"500\"                   data-src=\"https:\/\/petshopfornazari.com.br\/wp-content\/uploads\/photo-gallery\/thumb\/cir-2.jpg\"                   src=\"https:\/\/petshopfornazari.com.br\/wp-content\/uploads\/photo-gallery\/thumb\/cir-2.jpg\"                   alt=\"Centro Cir\u00fargico \"                   title=\"Centro Cir\u00fargico \" \/>            <\/div>            <div class=\"\">                                                      <\/div>          <\/div>        <\/div>                <div class=\"bwg-title1\"><div class=\"bwg-title2\">Centro Cir\u00fargico <\/div><\/div>        <\/a>              <\/div>          <\/div>    <style>      \/*pagination styles*\/      #bwg_container1_0 #bwg_container2_0 .tablenav-pages_0 {\t\t\t\ttext-align: center;\t\t\t\tfont-size: 12px;\t\t\t\tfont-family: segoe ui;\t\t\t\tfont-weight: bold;\t\t\t\tcolor: #666666;\t\t\t\tmargin: 6px 0 4px;\t\t\t\tdisplay: block;      }      @media only screen and (max-width : 320px) {      #bwg_container1_0 #bwg_container2_0 .displaying-num_0 {     \t display: none;      }      }      #bwg_container1_0 #bwg_container2_0 .displaying-num_0 {\t\t\t\tfont-size: 12px;\t\t\t\tfont-family: segoe ui;\t\t\t\tfont-weight: bold;\t\t\t\tcolor: #666666;\t\t\t\tmargin-right: 10px;\t\t\t\tvertical-align: middle;      }      #bwg_container1_0 #bwg_container2_0 .paging-input_0 {\t\t\t\tfont-size: 12px;\t\t\t\tfont-family: segoe ui;\t\t\t\tfont-weight: bold;\t\t\t\tcolor: #666666;\t\t\t\tvertical-align: middle;      }      #bwg_container1_0 #bwg_container2_0 .tablenav-pages_0 a.disabled,      #bwg_container1_0 #bwg_container2_0 .tablenav-pages_0 a.disabled:hover,      #bwg_container1_0 #bwg_container2_0 .tablenav-pages_0 a.disabled:focus,\t\t\t#bwg_container1_0 #bwg_container2_0 .tablenav-pages_0 input.bwg_current_page {\t\t\t\tcursor: default;\t\t\t\tcolor: rgba(102, 102, 102, 0.5);      }      #bwg_container1_0 #bwg_container2_0 .tablenav-pages_0 a,      #bwg_container1_0 #bwg_container2_0 .tablenav-pages_0 input.bwg_current_page {\t\t\t\tcursor: pointer;\t\t\t\ttext-align: center;\t\t\t\tfont-size: 12px;\t\t\t\tfont-family: segoe ui;\t\t\t\tfont-weight: bold;\t\t\t\tcolor: #666666;\t\t\t\ttext-decoration: none;\t\t\t\tpadding: 3px 6px;\t\t\t\tmargin: 0;\t\t\t\tborder-radius: 0;\t\t\t\tborder-style: solid;\t\t\t\tborder-width: 1px;\t\t\t\tborder-color: #E3E3E3;\t\t\t\tbackground-color: #FFFFFF;\t\t\t\topacity: 1.00;\t\t\t\tbox-shadow: 0;\t\t\t\ttransition: all 0.3s ease 0s;-webkit-transition: all 0.3s ease 0s;      }      <\/style>      <span class=\"bwg_nav_cont_0\">              <div class=\"tablenav-pages_0\">                  <\/div>                <input type=\"hidden\" id=\"page_number_0\" name=\"page_number_0\" value=\"1\" \/>      <script type=\"text\/javascript\">        function spider_page_0(cur, x, y, load_more) {          if (typeof load_more == \"undefined\") {            var load_more = false;          }          if (jQuery(cur).hasClass('disabled')) {            return false;          }          var items_county_0 = 1;          switch (y) {            case 1:              if (x >= items_county_0) {                document.getElementById('page_number_0').value = items_county_0;              }              else {                document.getElementById('page_number_0').value = x + 1;              }              break;            case 2:              document.getElementById('page_number_0').value = items_county_0;              break;            case -1:              if (x == 1) {                document.getElementById('page_number_0').value = 1;              }              else {                document.getElementById('page_number_0').value = x - 1;              }              break;            case -2:              document.getElementById('page_number_0').value = 1;              break;\t\t\t\t\t\tcase 0:              document.getElementById('page_number_0').value = x;              break;            default:              document.getElementById('page_number_0').value = 1;          }          bwg_ajax('gal_front_form_0', '0', 'bwg_thumbnails_0', '0', '', 'gallery', 0, '', '', load_more, '', 1);        }                    jQuery('.first-page-0').on('click', function () {              spider_page_0(this, 1, -2, 'numeric');              return false;            });            jQuery('.prev-page-0').on('click', function () {              spider_page_0(this, 1, -1, 'numeric');              return false;            });            jQuery('.next-page-0').on('click', function () {              spider_page_0(this, 1, 1, 'numeric');              return false;            });            jQuery('.last-page-0').on('click', function () {              spider_page_0(this, 1, 2, 'numeric');              return false;            });        \t\t\t\t\/* Change page on input enter. *\/        function bwg_change_page_0( e, that ) {          if (  e.key == 'Enter' ) {            var to_page = parseInt(jQuery(that).val());            var pages_count = jQuery(that).parents(\".pagination-links\").data(\"pages-count\");            var current_url_param = jQuery(that).attr('data-url-info');            if (to_page > pages_count) {              to_page = 1;            }\t \t\t\t\t\t\t\t\t\t\t\t\tspider_page_0(this, to_page, 0, 'numeric');\t\t\t\t\t\t\treturn false;\t\t\t\t\t\t          }          return true;        }        jQuery('.bwg_load_btn_0').on('click', function () {            spider_page_0(this, 1, 1, true);            return false;        });      <\/script>      <\/span>                <\/div>        <\/form>        <style>          #bwg_container1_0 #bwg_container2_0 #spider_popup_overlay_0 {          background-color: #000000;          opacity: 0.70;          }          <\/style>        <div id=\"bwg_spider_popup_loading_0\" class=\"bwg_spider_popup_loading\"><\/div>        <div id=\"spider_popup_overlay_0\" class=\"spider_popup_overlay\" onclick=\"spider_destroypopup(1000)\"><\/div>        <input type=\"hidden\" id=\"bwg_random_seed_0\" value=\"24348915\">                <\/div>    <\/div>    <script>      if (document.readyState === 'complete') {        if( typeof bwg_main_ready == 'function' ) {          if ( jQuery(\"#bwg_container1_0\").height() ) {            bwg_main_ready(jQuery(\"#bwg_container1_0\"));          }        }      } else {        document.addEventListener('DOMContentLoaded', function() {          if( typeof bwg_main_ready == 'function' ) {            if ( jQuery(\"#bwg_container1_0\").height() ) {             bwg_main_ready(jQuery(\"#bwg_container1_0\"));            }          }        });      }    <\/script>    \n<\/div>\n<\/div><\/div><\/div><\/div><\/div><\/div>","protected":false},"excerpt":{"rendered":"<p>Estaremos atendendo na cl\u00ednica com consultas agendadas, de segunda a sexta-feira: 09:00 hs \u00e1s 20:00 hs \u2013 R$ 130,00 S\u00e1bado: Atendimento \u00e9 por ordem de chegada: 09:00 hs \u00e1s 18:00 hs \u2013 R$ 130,00 Valores das Vacinas C\u00e3es V10 \/ V8 \/ V4 &#8211; R$ 120,00\u00a0 Vac. Giardia &#8211; R$ 135,00 Gripe Oral &#8211; R$ [&hellip;]<\/p>\n","protected":false},"author":1,"featured_media":0,"parent":0,"menu_order":0,"comment_status":"closed","ping_status":"closed","template":"","meta":{"_joinchat":[]},"_links":{"self":[{"href":"https:\/\/petshopfornazari.com.br\/index.php\/wp-json\/wp\/v2\/pages\/167"}],"collection":[{"href":"https:\/\/petshopfornazari.com.br\/index.php\/wp-json\/wp\/v2\/pages"}],"about":[{"href":"https:\/\/petshopfornazari.com.br\/index.php\/wp-json\/wp\/v2\/types\/page"}],"author":[{"embeddable":true,"href":"https:\/\/petshopfornazari.com.br\/index.php\/wp-json\/wp\/v2\/users\/1"}],"replies":[{"embeddable":true,"href":"https:\/\/petshopfornazari.com.br\/index.php\/wp-json\/wp\/v2\/comments?post=167"}],"version-history":[{"count":69,"href":"https:\/\/petshopfornazari.com.br\/index.php\/wp-json\/wp\/v2\/pages\/167\/revisions"}],"predecessor-version":[{"id":955,"href":"https:\/\/petshopfornazari.com.br\/index.php\/wp-json\/wp\/v2\/pages\/167\/revisions\/955"}],"wp:attachment":[{"href":"https:\/\/petshopfornazari.com.br\/index.php\/wp-json\/wp\/v2\/media?parent=167"}],"curies":[{"name":"wp","href":"https:\/\/api.w.org\/{rel}","templated":true}]}}