{"id":342,"date":"2017-06-05T11:16:50","date_gmt":"2017-06-05T14:16:50","guid":{"rendered":"https:\/\/petshopfornazari.com.br\/?page_id=342"},"modified":"2017-06-14T02:42:03","modified_gmt":"2017-06-14T05:42:03","slug":"oftalmologia","status":"publish","type":"page","link":"https:\/\/petshopfornazari.com.br\/index.php\/oftalmologia\/","title":{"rendered":"Oftalmologia"},"content":{"rendered":"<div id=\"pl-342\"  class=\"panel-layout\" ><div id=\"pg-342-0\"  class=\"panel-grid panel-no-style\" ><div id=\"pgc-342-0-0\"  class=\"panel-grid-cell\" ><div id=\"panel-342-0-0-0\" class=\"so-panel widget widget_sow-editor panel-first-child panel-last-child\" data-index=\"0\" ><div class=\"panel-widget-style panel-widget-style-for-342-0-0-0\" ><div class=\"so-widget-sow-editor so-widget-sow-editor-base\">\n<div class=\"siteorigin-widget-tinymce textwidget\">\n\t<p><strong><span style=\"font-family: arial,helvetica,sans-serif; font-size: 14pt;\">OFTALMOLOGIA<\/span><\/strong><\/p>\n<p style=\"text-align: justify;\"><span style=\"font-family: arial,helvetica,sans-serif; font-size: 14pt;\">Essa especialidade procura sempre o bem estar e a qualidade de vida dos seus clientes. Oferecendo solu\u00e7\u00f5es aos problemas visuais que afetam os animais, seja de qualquer natureza. Nosso servi\u00e7o tem por finalidade dar suporte ao cl\u00ednico-geral no desenvolvimento e resolu\u00e7\u00e3o de casos cr\u00f4nicos e\/ou complicados de doen\u00e7as oculares, auxiliando no direcionamento de exames e na ado\u00e7\u00e3o de conduta terap\u00eautica apropriada a cada paciente, incluindo microcirurgias clinicas e cirurgias pl\u00e1stica.<\/span><\/p>\n<p style=\"text-align: justify;\"><span style=\"font-family: arial,helvetica,sans-serif; font-size: 14pt;\">Alguns exames que realizamos para o melhor diagnostico: Eletroretinografia, citologia ocular, histopatologia, microbiologia e antibiograma, ultrassonografia ocular. Esses tratamentos, entre outros, fazem parte de uma gama de servi\u00e7os que oferecemos aos nossos clientes.<\/span><\/p>\n<p>&nbsp;<\/p>\n<p>&nbsp;<\/p>\n<p style=\"text-align: center;\"><a href=\"http:\/\/oolhododono.com\/\"><img loading=\"lazy\" class=\"alignnone size-medium wp-image-437\" src=\"https:\/\/petshopfornazari.com.br\/wp-content\/uploads\/2017\/06\/o-olho-do-dono-300x92.png\" alt=\"\" width=\"300\" height=\"92\" srcset=\"https:\/\/petshopfornazari.com.br\/wp-content\/uploads\/2017\/06\/o-olho-do-dono-300x92.png 300w, https:\/\/petshopfornazari.com.br\/wp-content\/uploads\/2017\/06\/o-olho-do-dono-768x235.png 768w, https:\/\/petshopfornazari.com.br\/wp-content\/uploads\/2017\/06\/o-olho-do-dono-1024x313.png 1024w, https:\/\/petshopfornazari.com.br\/wp-content\/uploads\/2017\/06\/o-olho-do-dono.png 1472w\" sizes=\"(max-width: 300px) 100vw, 300px\" \/><\/a><\/p>\n<p style=\"text-align: center;\"><span style=\"color: #3366ff;\"><a style=\"color: #3366ff;\" href=\"http:\/\/oolhododono.com\/\">http:\/\/oolhododono.com\/<\/a><\/span><\/p>\n<p>&nbsp;<\/p>\n<p><span style=\"font-family: arial,helvetica,sans-serif; font-size: 14pt;\">Cristina Roveratti Franzo CRMV: 21310\/SP<img loading=\"lazy\" class=\"size-full wp-image-429 alignright\" src=\"https:\/\/petshopfornazari.com.br\/wp-content\/uploads\/2017\/06\/cris-roveratti.jpg\" alt=\"\" width=\"25%\" height=\"auto\" srcset=\"https:\/\/petshopfornazari.com.br\/wp-content\/uploads\/2017\/06\/cris-roveratti.jpg 291w, https:\/\/petshopfornazari.com.br\/wp-content\/uploads\/2017\/06\/cris-roveratti-100x100.jpg 100w\" sizes=\"(max-width: 291px) 100vw, 291px\" \/><\/span><\/p>\n<p><span style=\"font-family: arial,helvetica,sans-serif; font-size: 14pt;\">Gradua\u00e7\u00e3o na FCAV \u2013 Faculdades de Ci\u00eancias Agr\u00e1rias e Veterin\u00e1rias<\/span><\/p>\n<p><span style=\"font-family: arial,helvetica,sans-serif; font-size: 14pt;\">UNESP \u2013 Especializa\u00e7\u00e3o em oftalmologia<\/span><\/p>\n<p><span style=\"font-family: arial,helvetica,sans-serif; font-size: 14pt;\">Veterin\u00e1ria Latu Sensu \u2013 Anclivepa\/SP<\/span><\/p>\n<p>&nbsp;<\/p>\n<p>&nbsp;<\/p>\n<p>&nbsp;<\/p>\n<p>&nbsp;<\/p>\n<p>&nbsp;<\/p>\n<p style=\"text-align: center;\">\n<p>&nbsp;<\/p>\n<p>&nbsp;<\/p>\n<p>&nbsp;<\/p>\n<\/div>\n<\/div><\/div><\/div><\/div><\/div><\/div>","protected":false},"excerpt":{"rendered":"<p>OFTALMOLOGIA Essa especialidade procura sempre o bem estar e a qualidade de vida dos seus clientes. Oferecendo solu\u00e7\u00f5es aos problemas visuais que afetam os animais, seja de qualquer natureza. Nosso servi\u00e7o tem por finalidade dar suporte ao cl\u00ednico-geral no desenvolvimento e resolu\u00e7\u00e3o de casos cr\u00f4nicos e\/ou complicados de doen\u00e7as oculares, auxiliando no direcionamento de exames [&hellip;]<\/p>\n","protected":false},"author":1,"featured_media":0,"parent":0,"menu_order":0,"comment_status":"closed","ping_status":"closed","template":"","meta":{"_joinchat":[]},"_links":{"self":[{"href":"https:\/\/petshopfornazari.com.br\/index.php\/wp-json\/wp\/v2\/pages\/342"}],"collection":[{"href":"https:\/\/petshopfornazari.com.br\/index.php\/wp-json\/wp\/v2\/pages"}],"about":[{"href":"https:\/\/petshopfornazari.com.br\/index.php\/wp-json\/wp\/v2\/types\/page"}],"author":[{"embeddable":true,"href":"https:\/\/petshopfornazari.com.br\/index.php\/wp-json\/wp\/v2\/users\/1"}],"replies":[{"embeddable":true,"href":"https:\/\/petshopfornazari.com.br\/index.php\/wp-json\/wp\/v2\/comments?post=342"}],"version-history":[{"count":26,"href":"https:\/\/petshopfornazari.com.br\/index.php\/wp-json\/wp\/v2\/pages\/342\/revisions"}],"predecessor-version":[{"id":567,"href":"https:\/\/petshopfornazari.com.br\/index.php\/wp-json\/wp\/v2\/pages\/342\/revisions\/567"}],"wp:attachment":[{"href":"https:\/\/petshopfornazari.com.br\/index.php\/wp-json\/wp\/v2\/media?parent=342"}],"curies":[{"name":"wp","href":"https:\/\/api.w.org\/{rel}","templated":true}]}}