{"id":44,"date":"2017-04-20T04:02:34","date_gmt":"2017-04-20T07:02:34","guid":{"rendered":"https:\/\/petshopfornazari.com.br\/?page_id=44"},"modified":"2023-03-02T08:49:47","modified_gmt":"2023-03-02T11:49:47","slug":"contato","status":"publish","type":"page","link":"https:\/\/petshopfornazari.com.br\/index.php\/contato\/","title":{"rendered":"Contato"},"content":{"rendered":"<div id=\"pl-44\"  class=\"panel-layout\" ><div id=\"pg-44-0\"  class=\"panel-grid panel-no-style\" ><div id=\"pgc-44-0-0\"  class=\"panel-grid-cell\" ><div id=\"panel-44-0-0-0\" class=\"so-panel widget widget_sow-editor panel-first-child panel-last-child\" data-index=\"0\" ><div class=\"panel-widget-style panel-widget-style-for-44-0-0-0\" ><div class=\"so-widget-sow-editor so-widget-sow-editor-base\">\n<div class=\"siteorigin-widget-tinymce textwidget\">\n\t<h2><span style=\"font-family: arial,helvetica,sans-serif;\">Contato<\/span><\/h2>\n<p><strong><span style=\"font-family: arial,helvetica,sans-serif;\">Deixe-nos seu contato ou escreva uma sugest\u00e3o.<\/span><\/strong><\/p>\n<p><span style=\"font-size: 14pt;\"><strong><span style=\"font-family: arial,helvetica,sans-serif;\"><img loading=\"lazy\" class=\"alignnone wp-image-621\" src=\"https:\/\/petshopfornazari.com.br\/wp-content\/uploads\/2017\/04\/arroba2.png\" alt=\"\" width=\"39\" height=\"44\" \/> Email:vetfor@terra.com.br<\/span><\/strong><\/span><\/p>\n<p><strong><span style=\"font-family: arial,helvetica,sans-serif;\">Telefones:<\/span><\/strong><\/p>\n<p><img loading=\"lazy\" class=\"alignnone wp-image-352\" src=\"https:\/\/petshopfornazari.com.br\/wp-content\/uploads\/2017\/04\/tel-vet-300x300.jpg\" alt=\"\" width=\"39\" height=\"39\" srcset=\"https:\/\/petshopfornazari.com.br\/wp-content\/uploads\/2017\/04\/tel-vet-300x300.jpg 300w, https:\/\/petshopfornazari.com.br\/wp-content\/uploads\/2017\/04\/tel-vet-150x150.jpg 150w, https:\/\/petshopfornazari.com.br\/wp-content\/uploads\/2017\/04\/tel-vet-768x768.jpg 768w, https:\/\/petshopfornazari.com.br\/wp-content\/uploads\/2017\/04\/tel-vet-1024x1024.jpg 1024w, https:\/\/petshopfornazari.com.br\/wp-content\/uploads\/2017\/04\/tel-vet-400x400.jpg 400w, https:\/\/petshopfornazari.com.br\/wp-content\/uploads\/2017\/04\/tel-vet-100x100.jpg 100w, https:\/\/petshopfornazari.com.br\/wp-content\/uploads\/2017\/04\/tel-vet.jpg 1920w\" sizes=\"(max-width: 39px) 100vw, 39px\" \/>\u00a0<strong><span style=\"font-family: arial,helvetica,sans-serif;\"> PABX: (11)\u00a03975-0174 \/ (11) 3998-6714<\/span><\/strong><\/p>\n<p><img loading=\"lazy\" class=\"alignnone wp-image-349\" src=\"https:\/\/petshopfornazari.com.br\/wp-content\/uploads\/2017\/04\/whatsapp-2-2.png\" alt=\"\" width=\"39\" height=\"38\" srcset=\"https:\/\/petshopfornazari.com.br\/wp-content\/uploads\/2017\/04\/whatsapp-2-2.png 120w, https:\/\/petshopfornazari.com.br\/wp-content\/uploads\/2017\/04\/whatsapp-2-2-100x100.png 100w\" sizes=\"(max-width: 39px) 100vw, 39px\" \/>\u00a0 <strong><span style=\"font-family: arial,helvetica,sans-serif;\">Recep\u00e7\u00e3o Cl\u00ednica +55 11 95966-0208<\/span><\/strong><\/p>\n<p><img loading=\"lazy\" class=\"alignnone wp-image-349\" src=\"https:\/\/petshopfornazari.com.br\/wp-content\/uploads\/2017\/04\/whatsapp-2-2.png\" alt=\"\" width=\"39\" height=\"38\" srcset=\"https:\/\/petshopfornazari.com.br\/wp-content\/uploads\/2017\/04\/whatsapp-2-2.png 120w, https:\/\/petshopfornazari.com.br\/wp-content\/uploads\/2017\/04\/whatsapp-2-2-100x100.png 100w\" sizes=\"(max-width: 39px) 100vw, 39px\" \/>\u00a0 <span style=\"font-family: arial,helvetica,sans-serif;\"><strong>Recep\u00e7\u00e3o Pet Shop +55 11 98221-1059<\/strong><\/span><\/p>\n<p><img loading=\"lazy\" class=\"alignnone wp-image-349\" src=\"https:\/\/petshopfornazari.com.br\/wp-content\/uploads\/2017\/04\/whatsapp-2-2.png\" alt=\"\" width=\"39\" height=\"38\" srcset=\"https:\/\/petshopfornazari.com.br\/wp-content\/uploads\/2017\/04\/whatsapp-2-2.png 120w, https:\/\/petshopfornazari.com.br\/wp-content\/uploads\/2017\/04\/whatsapp-2-2-100x100.png 100w\" sizes=\"(max-width: 39px) 100vw, 39px\" \/> <strong>Dr. Marcos <\/strong><span style=\"font-family: arial,helvetica,sans-serif;\"><strong>+55 11 98174-7259 (Somente em casos cl\u00ednicos em andamento)<\/strong><\/span><\/p>\n<p>Rua Parapu\u00e3, 747 S\u00e3o Paulo SP<\/p>\n<div role=\"form\" class=\"wpcf7\" id=\"wpcf7-f39-o1\" lang=\"pt-BR\" dir=\"ltr\">\n<div class=\"screen-reader-response\"><p role=\"status\" aria-live=\"polite\" aria-atomic=\"true\"><\/p> <ul><\/ul><\/div>\n<form action=\"\/index.php\/wp-json\/wp\/v2\/pages\/44#wpcf7-f39-o1\" method=\"post\" class=\"wpcf7-form init\" novalidate=\"novalidate\" data-status=\"init\">\n<div style=\"display: none;\">\n<input type=\"hidden\" name=\"_wpcf7\" value=\"39\" \/>\n<input type=\"hidden\" name=\"_wpcf7_version\" value=\"5.6\" \/>\n<input type=\"hidden\" name=\"_wpcf7_locale\" value=\"pt_BR\" \/>\n<input type=\"hidden\" name=\"_wpcf7_unit_tag\" value=\"wpcf7-f39-o1\" \/>\n<input type=\"hidden\" name=\"_wpcf7_container_post\" value=\"0\" \/>\n<input type=\"hidden\" name=\"_wpcf7_posted_data_hash\" value=\"\" \/>\n<\/div>\n<p><label> Seu nome (obrigat\u00f3rio)<br \/>\n    <span class=\"wpcf7-form-control-wrap\" data-name=\"your-name\"><input type=\"text\" name=\"your-name\" value=\"\" size=\"40\" class=\"wpcf7-form-control wpcf7-text wpcf7-validates-as-required\" aria-required=\"true\" aria-invalid=\"false\" \/><\/span> <\/label><\/p>\n<p><label> Seu e-mail (obrigat\u00f3rio)<br \/>\n    <span class=\"wpcf7-form-control-wrap\" data-name=\"your-email\"><input type=\"email\" name=\"your-email\" value=\"\" size=\"40\" class=\"wpcf7-form-control wpcf7-text wpcf7-email wpcf7-validates-as-required wpcf7-validates-as-email\" aria-required=\"true\" aria-invalid=\"false\" \/><\/span> <\/label><\/p>\n<p><label> Assunto<br \/>\n    <span class=\"wpcf7-form-control-wrap\" data-name=\"your-subject\"><input type=\"text\" name=\"your-subject\" value=\"\" size=\"40\" class=\"wpcf7-form-control wpcf7-text\" aria-invalid=\"false\" \/><\/span> <\/label><\/p>\n<p><label> Sua mensagem<br \/>\n    <span class=\"wpcf7-form-control-wrap\" data-name=\"your-message\"><textarea name=\"your-message\" cols=\"40\" rows=\"10\" class=\"wpcf7-form-control wpcf7-textarea\" aria-invalid=\"false\"><\/textarea><\/span> <\/label><\/p>\n<p><input type=\"submit\" value=\"Enviar\" class=\"wpcf7-form-control has-spinner wpcf7-submit\" \/><\/p>\n<p style=\"display: none !important;\"><label>&#916;<textarea name=\"_wpcf7_ak_hp_textarea\" cols=\"45\" rows=\"8\" maxlength=\"100\"><\/textarea><\/label><input type=\"hidden\" id=\"ak_js_1\" name=\"_wpcf7_ak_js\" value=\"210\"\/><script>document.getElementById( \"ak_js_1\" ).setAttribute( \"value\", ( new Date() ).getTime() );<\/script><\/p><div class=\"wpcf7-response-output\" aria-hidden=\"true\"><\/div><\/form><\/div>\n<\/div>\n<\/div><\/div><\/div><\/div><\/div><div id=\"pg-44-1\"  class=\"panel-grid panel-no-style\" ><div id=\"pgc-44-1-0\"  class=\"panel-grid-cell\" ><div id=\"panel-44-1-0-0\" class=\"so-panel widget widget_sow-editor panel-first-child panel-last-child\" data-index=\"1\" ><div class=\"panel-widget-style panel-widget-style-for-44-1-0-0\" ><div class=\"so-widget-sow-editor so-widget-sow-editor-base\">\n<div class=\"siteorigin-widget-tinymce textwidget\">\n\t<p>\u00a0<\/p>\n<p><iframe loading=\"lazy\" style=\"border: 0;\" src=\"https:\/\/www.google.com\/maps\/embed?pb=!1m18!1m12!1m3!1d3659.5098641025565!2d-46.693138684455356!3d-23.478137964410514!2m3!1f0!2f0!3f0!3m2!1i1024!2i768!4f13.1!3m3!1m2!1s0x94cef9b8bfb06afd%3A0xf7f531548c60beb5!2sR.+Parapu%C3%A3%2C+747+-+Freguesia+do+%C3%93%2C+S%C3%A3o+Paulo+-+SP!5e0!3m2!1spt-BR!2sbr!4v1492671556382\" width=\"1300\" height=\"450\" frameborder=\"0\" allowfullscreen=\"allowfullscreen\"><\/iframe><\/p>\n<\/div>\n<\/div><\/div><\/div><\/div><\/div><\/div>","protected":false},"excerpt":{"rendered":"<p>Contato Deixe-nos seu contato ou escreva uma sugest\u00e3o. Email:vetfor@terra.com.br Telefones: \u00a0 PABX: (11)\u00a03975-0174 \/ (11) 3998-6714 \u00a0 Recep\u00e7\u00e3o Cl\u00ednica +55 11 95966-0208 \u00a0 Recep\u00e7\u00e3o Pet Shop +55 11 98221-1059 Dr. Marcos +55 11 98174-7259 (Somente em casos cl\u00ednicos em andamento) Rua Parapu\u00e3, 747 S\u00e3o Paulo SP \u00a0<\/p>\n","protected":false},"author":1,"featured_media":0,"parent":0,"menu_order":0,"comment_status":"closed","ping_status":"closed","template":"","meta":{"_joinchat":[]},"_links":{"self":[{"href":"https:\/\/petshopfornazari.com.br\/index.php\/wp-json\/wp\/v2\/pages\/44"}],"collection":[{"href":"https:\/\/petshopfornazari.com.br\/index.php\/wp-json\/wp\/v2\/pages"}],"about":[{"href":"https:\/\/petshopfornazari.com.br\/index.php\/wp-json\/wp\/v2\/types\/page"}],"author":[{"embeddable":true,"href":"https:\/\/petshopfornazari.com.br\/index.php\/wp-json\/wp\/v2\/users\/1"}],"replies":[{"embeddable":true,"href":"https:\/\/petshopfornazari.com.br\/index.php\/wp-json\/wp\/v2\/comments?post=44"}],"version-history":[{"count":53,"href":"https:\/\/petshopfornazari.com.br\/index.php\/wp-json\/wp\/v2\/pages\/44\/revisions"}],"predecessor-version":[{"id":857,"href":"https:\/\/petshopfornazari.com.br\/index.php\/wp-json\/wp\/v2\/pages\/44\/revisions\/857"}],"wp:attachment":[{"href":"https:\/\/petshopfornazari.com.br\/index.php\/wp-json\/wp\/v2\/media?parent=44"}],"curies":[{"name":"wp","href":"https:\/\/api.w.org\/{rel}","templated":true}]}}