{"id":450,"date":"2017-06-06T23:02:08","date_gmt":"2017-06-07T02:02:08","guid":{"rendered":"https:\/\/petshopfornazari.com.br\/?page_id=450"},"modified":"2017-07-01T13:24:35","modified_gmt":"2017-07-01T16:24:35","slug":"ultrassonografia","status":"publish","type":"page","link":"https:\/\/petshopfornazari.com.br\/index.php\/ultrassonografia\/","title":{"rendered":"Ultrassonografia Abdominal"},"content":{"rendered":"<div id=\"pl-450\"  class=\"panel-layout\" ><div id=\"pg-450-0\"  class=\"panel-grid panel-no-style\" ><div id=\"pgc-450-0-0\"  class=\"panel-grid-cell\" ><div id=\"panel-450-0-0-0\" class=\"so-panel widget widget_sow-editor panel-first-child panel-last-child\" data-index=\"0\" ><div class=\"panel-widget-style panel-widget-style-for-450-0-0-0\" ><div class=\"so-widget-sow-editor so-widget-sow-editor-base\">\n<div class=\"siteorigin-widget-tinymce textwidget\">\n\t<p><strong><span style=\"font-family: arial,helvetica,sans-serif; font-size: 14pt;\">Ultrassonografia Abdominal<\/span><\/strong><\/p>\n<p><span style=\"font-family: arial,helvetica,sans-serif; font-size: 14pt;\">A ultrassonografia \u00e9 um m\u00e9todo diagn\u00f3stico muito recorrente na medicina moderna que utiliza o eco gerado atrav\u00e9s de ondas ultrass\u00f4nicas de alta frequ\u00eancia para visualizar, em tempo real, as estruturas internas do organismo.<\/span><\/p>\n<p>\u00a0<\/p>\n<p>\u00a0<\/p>\n<p><span style=\"font-family: arial,helvetica,sans-serif; font-size: 14pt;\">Daniela Dias Viola CRMV - SP: 17.699<img loading=\"lazy\" class=\"size-medium wp-image-454 alignright\" src=\"https:\/\/petshopfornazari.com.br\/wp-content\/uploads\/2017\/06\/dra-daniela-278x300.jpg\" alt=\"\" width=\"25%\" height=\"auto\" srcset=\"https:\/\/petshopfornazari.com.br\/wp-content\/uploads\/2017\/06\/dra-daniela-278x300.jpg 278w, https:\/\/petshopfornazari.com.br\/wp-content\/uploads\/2017\/06\/dra-daniela-768x828.jpg 768w, https:\/\/petshopfornazari.com.br\/wp-content\/uploads\/2017\/06\/dra-daniela-950x1024.jpg 950w, https:\/\/petshopfornazari.com.br\/wp-content\/uploads\/2017\/06\/dra-daniela.jpg 1187w\" sizes=\"(max-width: 278px) 100vw, 278px\" \/><\/span><\/p>\n<p class=\"p1\"><span class=\"s1\" style=\"font-family: arial,helvetica,sans-serif; font-size: 14pt;\">Forma\u00e7\u00e3o: Medicina Veterin\u00e1ria pela<span class=\"Apple-converted-space\">\u00a0 <\/span>Faculdades Metropolitanas Unidas - UniFMU ano 2003. <\/span><\/p>\n<p class=\"p1\"><span class=\"s1\" style=\"font-family: arial,helvetica,sans-serif; font-size: 14pt;\">P\u00f3s gradua\u00e7\u00e3o Latu sensu: Especializa\u00e7\u00e3o em Ultrassonografia de Pequenos Animais pelo Instituto Brasileiro de Pesquisa e Educa\u00e7\u00e3o Continuada - INBRAPEC ano 2011. <\/span><\/p>\n<p class=\"p1\"><span class=\"s1\" style=\"font-family: arial,helvetica,sans-serif; font-size: 14pt;\">Atua desde ent\u00e3o como ultrassonografista volante.<\/span><\/p>\n<p class=\"p1\">\u00a0<\/p>\n<p class=\"p1\">\u00a0<\/p>\n<p class=\"p1\">\u00a0<\/p>\n<p class=\"p1\">\u00a0<\/p>\n<p class=\"p1\">\u00a0<\/p>\n<p class=\"p1\"><span style=\"color: #ff0000; font-family: arial,helvetica,sans-serif; font-size: 14pt;\">\u00a0OBS.: Todos os exames s\u00e3o realizados com hora marcada e com encaminhamento do veterin\u00e1rio.<\/span><\/p>\n<p class=\"p1\">\u00a0<\/p>\n<\/div>\n<\/div><\/div><\/div><\/div><\/div><\/div>","protected":false},"excerpt":{"rendered":"<p>Ultrassonografia AbdominalA ultrassonografia \u00e9 um m\u00e9todo diagn\u00f3stico muito recorrente na medicina moderna que utiliza o eco gerado atrav\u00e9s de ondas ultrass\u00f4nicas de alta frequ\u00eancia para visualizar, em tempo real, as estruturas internas do organismo.\u00a0\u00a0Daniela Dias Viola CRMV &#8211; SP: 17.699Forma\u00e7\u00e3o: Medicina Veterin\u00e1ria pela\u00a0 Faculdades Metropolitanas Unidas &#8211; UniFMU ano 2003. P\u00f3s gradua\u00e7\u00e3o Latu sensu: Especializa\u00e7\u00e3o [&hellip;]<\/p>\n","protected":false},"author":1,"featured_media":0,"parent":0,"menu_order":0,"comment_status":"closed","ping_status":"closed","template":"","meta":{"_joinchat":[]},"_links":{"self":[{"href":"https:\/\/petshopfornazari.com.br\/index.php\/wp-json\/wp\/v2\/pages\/450"}],"collection":[{"href":"https:\/\/petshopfornazari.com.br\/index.php\/wp-json\/wp\/v2\/pages"}],"about":[{"href":"https:\/\/petshopfornazari.com.br\/index.php\/wp-json\/wp\/v2\/types\/page"}],"author":[{"embeddable":true,"href":"https:\/\/petshopfornazari.com.br\/index.php\/wp-json\/wp\/v2\/users\/1"}],"replies":[{"embeddable":true,"href":"https:\/\/petshopfornazari.com.br\/index.php\/wp-json\/wp\/v2\/comments?post=450"}],"version-history":[{"count":15,"href":"https:\/\/petshopfornazari.com.br\/index.php\/wp-json\/wp\/v2\/pages\/450\/revisions"}],"predecessor-version":[{"id":731,"href":"https:\/\/petshopfornazari.com.br\/index.php\/wp-json\/wp\/v2\/pages\/450\/revisions\/731"}],"wp:attachment":[{"href":"https:\/\/petshopfornazari.com.br\/index.php\/wp-json\/wp\/v2\/media?parent=450"}],"curies":[{"name":"wp","href":"https:\/\/api.w.org\/{rel}","templated":true}]}}