{"id":570,"date":"2017-06-19T08:19:13","date_gmt":"2017-06-19T11:19:13","guid":{"rendered":"https:\/\/petshopfornazari.com.br\/?page_id=570"},"modified":"2017-06-22T11:34:29","modified_gmt":"2017-06-22T14:34:29","slug":"dermatologia","status":"publish","type":"page","link":"https:\/\/petshopfornazari.com.br\/index.php\/dermatologia\/","title":{"rendered":"Dermatologia"},"content":{"rendered":"<div id=\"pl-570\"  class=\"panel-layout\" ><div id=\"pg-570-0\"  class=\"panel-grid panel-no-style\" ><div id=\"pgc-570-0-0\"  class=\"panel-grid-cell\" ><div id=\"panel-570-0-0-0\" class=\"so-panel widget widget_sow-editor panel-first-child panel-last-child\" data-index=\"0\" ><div class=\"panel-widget-style panel-widget-style-for-570-0-0-0\" ><div class=\"so-widget-sow-editor so-widget-sow-editor-base\">\n<div class=\"siteorigin-widget-tinymce textwidget\">\n\t<p><span style=\"font-size: 18pt;\"><strong>Dermatologia<\/strong><\/span><\/p>\n<p>\u00a0<\/p>\n<p><span style=\"font-size: 14pt; font-family: arial,helvetica,sans-serif;\">As doen\u00e7as dermatol\u00f3gicas s\u00e3o muito frequentes nos animais dom\u00e9sticos, principalmente nos c\u00e3es. Sabendo disso o Dr.Marcos Fornazari se mant\u00e9m sempre atualizado nessa importante patologia, participando de cursos e congressos de dermatologia.<\/span><\/p>\n<\/div>\n<\/div><\/div><\/div><\/div><\/div><\/div>","protected":false},"excerpt":{"rendered":"<p>Dermatologia\u00a0As doen\u00e7as dermatol\u00f3gicas s\u00e3o muito frequentes nos animais dom\u00e9sticos, principalmente nos c\u00e3es. Sabendo disso o Dr.Marcos Fornazari se mant\u00e9m sempre atualizado nessa importante patologia, participando de cursos e congressos de dermatologia.<\/p>\n","protected":false},"author":1,"featured_media":0,"parent":0,"menu_order":0,"comment_status":"closed","ping_status":"closed","template":"","meta":{"_joinchat":[]},"_links":{"self":[{"href":"https:\/\/petshopfornazari.com.br\/index.php\/wp-json\/wp\/v2\/pages\/570"}],"collection":[{"href":"https:\/\/petshopfornazari.com.br\/index.php\/wp-json\/wp\/v2\/pages"}],"about":[{"href":"https:\/\/petshopfornazari.com.br\/index.php\/wp-json\/wp\/v2\/types\/page"}],"author":[{"embeddable":true,"href":"https:\/\/petshopfornazari.com.br\/index.php\/wp-json\/wp\/v2\/users\/1"}],"replies":[{"embeddable":true,"href":"https:\/\/petshopfornazari.com.br\/index.php\/wp-json\/wp\/v2\/comments?post=570"}],"version-history":[{"count":8,"href":"https:\/\/petshopfornazari.com.br\/index.php\/wp-json\/wp\/v2\/pages\/570\/revisions"}],"predecessor-version":[{"id":605,"href":"https:\/\/petshopfornazari.com.br\/index.php\/wp-json\/wp\/v2\/pages\/570\/revisions\/605"}],"wp:attachment":[{"href":"https:\/\/petshopfornazari.com.br\/index.php\/wp-json\/wp\/v2\/media?parent=570"}],"curies":[{"name":"wp","href":"https:\/\/api.w.org\/{rel}","templated":true}]}}