{"id":697,"date":"2017-07-01T12:54:45","date_gmt":"2017-07-01T15:54:45","guid":{"rendered":"https:\/\/petshopfornazari.com.br\/?page_id=697"},"modified":"2017-07-01T12:56:20","modified_gmt":"2017-07-01T15:56:20","slug":"eletroretinografia","status":"publish","type":"page","link":"https:\/\/petshopfornazari.com.br\/index.php\/eletroretinografia\/","title":{"rendered":"Eletroretinografia"},"content":{"rendered":"<div id=\"pl-697\"  class=\"panel-layout\" ><div id=\"pg-697-0\"  class=\"panel-grid panel-no-style\" ><div id=\"pgc-697-0-0\"  class=\"panel-grid-cell\" ><div id=\"panel-697-0-0-0\" class=\"so-panel widget widget_sow-editor panel-first-child panel-last-child\" data-index=\"0\" ><div class=\"panel-widget-style panel-widget-style-for-697-0-0-0\" ><div class=\"so-widget-sow-editor so-widget-sow-editor-base\">\n<div class=\"siteorigin-widget-tinymce textwidget\">\n\t<p><strong><span style=\"font-family: arial,helvetica,sans-serif; font-size: 14pt;\">Eletrorretinografia<\/span><\/strong><\/p>\n<p><span style=\"font-family: arial,helvetica,sans-serif; font-size: 14pt;\">O processo de detectar e medir os impulsos el\u00e9tricos da retina.<\/span><\/p>\n<p><span style=\"color: #ff0000;\"><strong><span style=\"font-family: arial,helvetica,sans-serif; font-size: 14pt;\">OBS.: Todos os exames s\u00e3o realizados com hora marcada e com encaminhamento do veterin\u00e1rio.<\/span><\/strong><\/span><\/p>\n<p>\u00a0<\/p>\n<\/div>\n<\/div><\/div><\/div><\/div><\/div><\/div>","protected":false},"excerpt":{"rendered":"<p>EletrorretinografiaO processo de detectar e medir os impulsos el\u00e9tricos da retina.OBS.: Todos os exames s\u00e3o realizados com hora marcada e com encaminhamento do veterin\u00e1rio.\u00a0<\/p>\n","protected":false},"author":1,"featured_media":0,"parent":0,"menu_order":0,"comment_status":"closed","ping_status":"closed","template":"","meta":{"_joinchat":[]},"_links":{"self":[{"href":"https:\/\/petshopfornazari.com.br\/index.php\/wp-json\/wp\/v2\/pages\/697"}],"collection":[{"href":"https:\/\/petshopfornazari.com.br\/index.php\/wp-json\/wp\/v2\/pages"}],"about":[{"href":"https:\/\/petshopfornazari.com.br\/index.php\/wp-json\/wp\/v2\/types\/page"}],"author":[{"embeddable":true,"href":"https:\/\/petshopfornazari.com.br\/index.php\/wp-json\/wp\/v2\/users\/1"}],"replies":[{"embeddable":true,"href":"https:\/\/petshopfornazari.com.br\/index.php\/wp-json\/wp\/v2\/comments?post=697"}],"version-history":[{"count":5,"href":"https:\/\/petshopfornazari.com.br\/index.php\/wp-json\/wp\/v2\/pages\/697\/revisions"}],"predecessor-version":[{"id":890,"href":"https:\/\/petshopfornazari.com.br\/index.php\/wp-json\/wp\/v2\/pages\/697\/revisions\/890"}],"wp:attachment":[{"href":"https:\/\/petshopfornazari.com.br\/index.php\/wp-json\/wp\/v2\/media?parent=697"}],"curies":[{"name":"wp","href":"https:\/\/api.w.org\/{rel}","templated":true}]}}