{"id":709,"date":"2017-07-01T13:03:36","date_gmt":"2017-07-01T16:03:36","guid":{"rendered":"https:\/\/petshopfornazari.com.br\/?page_id=709"},"modified":"2017-07-01T13:09:08","modified_gmt":"2017-07-01T16:09:08","slug":"exame-laboratorial","status":"publish","type":"page","link":"https:\/\/petshopfornazari.com.br\/index.php\/exame-laboratorial\/","title":{"rendered":"Exame laboratorial"},"content":{"rendered":"<div id=\"pl-709\"  class=\"panel-layout\" ><div id=\"pg-709-0\"  class=\"panel-grid panel-no-style\" ><div id=\"pgc-709-0-0\"  class=\"panel-grid-cell\" ><div id=\"panel-709-0-0-0\" class=\"so-panel widget widget_sow-editor panel-first-child panel-last-child\" data-index=\"0\" ><div class=\"panel-widget-style panel-widget-style-for-709-0-0-0\" ><div class=\"so-widget-sow-editor so-widget-sow-editor-base\">\n<div class=\"siteorigin-widget-tinymce textwidget\">\n\t<p><strong><span style=\"font-family: arial,helvetica,sans-serif; font-size: 14pt;\">Exame laboratorial<\/span><\/strong><\/p>\n<p><span style=\"font-family: arial,helvetica,sans-serif; font-size: 14pt;\">Exame laboratorial ou An\u00e1lise Cl\u00ednica \u00e9 o conjunto de exames e testes realizados em laborat\u00f3rios de an\u00e1lises cl\u00ednicas por bioqu\u00edmicos, biom\u00e9dicos, bi\u00f3logos, farmac\u00eauticos ou m\u00e9dicos, visando um diagn\u00f3stico ou confirma\u00e7\u00e3o de uma patologia ou para um <i>check-up<\/i> (exame de rotina) <br \/><\/span><\/p>\n<p><span style=\"font-family: arial,helvetica,sans-serif; font-size: 14pt; color: #ff0000;\">OBS.: Todos os exames s\u00e3o realizados com hora marcada e com encaminhamento do veterin\u00e1rio.<\/span><\/p>\n<p>\u00a0<\/p>\n<p>Fonte: Wikipedia<\/p>\n<\/div>\n<\/div><\/div><\/div><\/div><\/div><\/div>","protected":false},"excerpt":{"rendered":"<p>Exame laboratorialExame laboratorial ou An\u00e1lise Cl\u00ednica \u00e9 o conjunto de exames e testes realizados em laborat\u00f3rios de an\u00e1lises cl\u00ednicas por bioqu\u00edmicos, biom\u00e9dicos, bi\u00f3logos, farmac\u00eauticos ou m\u00e9dicos, visando um diagn\u00f3stico ou confirma\u00e7\u00e3o de uma patologia ou para um check-up (exame de rotina) OBS.: Todos os exames s\u00e3o realizados com hora marcada e com encaminhamento do veterin\u00e1rio.\u00a0Fonte: [&hellip;]<\/p>\n","protected":false},"author":1,"featured_media":0,"parent":0,"menu_order":0,"comment_status":"closed","ping_status":"closed","template":"","meta":{"_joinchat":[]},"_links":{"self":[{"href":"https:\/\/petshopfornazari.com.br\/index.php\/wp-json\/wp\/v2\/pages\/709"}],"collection":[{"href":"https:\/\/petshopfornazari.com.br\/index.php\/wp-json\/wp\/v2\/pages"}],"about":[{"href":"https:\/\/petshopfornazari.com.br\/index.php\/wp-json\/wp\/v2\/types\/page"}],"author":[{"embeddable":true,"href":"https:\/\/petshopfornazari.com.br\/index.php\/wp-json\/wp\/v2\/users\/1"}],"replies":[{"embeddable":true,"href":"https:\/\/petshopfornazari.com.br\/index.php\/wp-json\/wp\/v2\/comments?post=709"}],"version-history":[{"count":5,"href":"https:\/\/petshopfornazari.com.br\/index.php\/wp-json\/wp\/v2\/pages\/709\/revisions"}],"predecessor-version":[{"id":714,"href":"https:\/\/petshopfornazari.com.br\/index.php\/wp-json\/wp\/v2\/pages\/709\/revisions\/714"}],"wp:attachment":[{"href":"https:\/\/petshopfornazari.com.br\/index.php\/wp-json\/wp\/v2\/media?parent=709"}],"curies":[{"name":"wp","href":"https:\/\/api.w.org\/{rel}","templated":true}]}}