{"id":718,"date":"2017-07-01T13:12:43","date_gmt":"2017-07-01T16:12:43","guid":{"rendered":"https:\/\/petshopfornazari.com.br\/?page_id=718"},"modified":"2017-07-01T13:15:03","modified_gmt":"2017-07-01T16:15:03","slug":"pressao-arterial","status":"publish","type":"page","link":"https:\/\/petshopfornazari.com.br\/index.php\/pressao-arterial\/","title":{"rendered":"Press\u00e3o Arterial"},"content":{"rendered":"<div id=\"pl-718\"  class=\"panel-layout\" ><div id=\"pg-718-0\"  class=\"panel-grid panel-no-style\" ><div id=\"pgc-718-0-0\"  class=\"panel-grid-cell\" ><div id=\"panel-718-0-0-0\" class=\"so-panel widget widget_sow-editor panel-first-child panel-last-child\" data-index=\"0\" ><div class=\"panel-widget-style panel-widget-style-for-718-0-0-0\" ><div class=\"so-widget-sow-editor so-widget-sow-editor-base\">\n<div class=\"siteorigin-widget-tinymce textwidget\">\n\t<p><strong><span style=\"font-family: arial,helvetica,sans-serif; font-size: 14pt;\">Press\u00e3o Arterial<\/span><\/strong><\/p>\n<p><span style=\"font-family: arial,helvetica,sans-serif; font-size: 14pt;\">A express\u00e3o press\u00e3o arterial (PA) ou press\u00e3o sangu\u00ednea refere-se \u00e0 press\u00e3o exercida pelo sangue contra a parede das art\u00e9rias. A press\u00e3o arterial bem como a de todo o sistema circulat\u00f3rio encontra-se normalmente um pouco acima da press\u00e3o atmosf\u00e9rica, sendo a diferen\u00e7a de press\u00f5es respons\u00e1vel por manter as art\u00e9rias e demais vasos n\u00e3o colapsados.<\/span><\/p>\n<p><span style=\"font-family: arial,helvetica,sans-serif; font-size: 14pt; color: #ff0000;\">OBS.: Todos os exames s\u00e3o realizados com hora marcada e com encaminhamento do veterin\u00e1rio.<\/span><\/p>\n<p>\u00a0<\/p>\n<p>Fonte: Wikipedia<\/p>\n<p>\u00a0<\/p>\n<\/div>\n<\/div><\/div><\/div><\/div><\/div><\/div>","protected":false},"excerpt":{"rendered":"<p>Press\u00e3o ArterialA express\u00e3o press\u00e3o arterial (PA) ou press\u00e3o sangu\u00ednea refere-se \u00e0 press\u00e3o exercida pelo sangue contra a parede das art\u00e9rias. A press\u00e3o arterial bem como a de todo o sistema circulat\u00f3rio encontra-se normalmente um pouco acima da press\u00e3o atmosf\u00e9rica, sendo a diferen\u00e7a de press\u00f5es respons\u00e1vel por manter as art\u00e9rias e demais vasos n\u00e3o colapsados.OBS.: Todos [&hellip;]<\/p>\n","protected":false},"author":1,"featured_media":0,"parent":0,"menu_order":0,"comment_status":"closed","ping_status":"closed","template":"","meta":{"_joinchat":[]},"_links":{"self":[{"href":"https:\/\/petshopfornazari.com.br\/index.php\/wp-json\/wp\/v2\/pages\/718"}],"collection":[{"href":"https:\/\/petshopfornazari.com.br\/index.php\/wp-json\/wp\/v2\/pages"}],"about":[{"href":"https:\/\/petshopfornazari.com.br\/index.php\/wp-json\/wp\/v2\/types\/page"}],"author":[{"embeddable":true,"href":"https:\/\/petshopfornazari.com.br\/index.php\/wp-json\/wp\/v2\/users\/1"}],"replies":[{"embeddable":true,"href":"https:\/\/petshopfornazari.com.br\/index.php\/wp-json\/wp\/v2\/comments?post=718"}],"version-history":[{"count":3,"href":"https:\/\/petshopfornazari.com.br\/index.php\/wp-json\/wp\/v2\/pages\/718\/revisions"}],"predecessor-version":[{"id":724,"href":"https:\/\/petshopfornazari.com.br\/index.php\/wp-json\/wp\/v2\/pages\/718\/revisions\/724"}],"wp:attachment":[{"href":"https:\/\/petshopfornazari.com.br\/index.php\/wp-json\/wp\/v2\/media?parent=718"}],"curies":[{"name":"wp","href":"https:\/\/api.w.org\/{rel}","templated":true}]}}