{"id":732,"date":"2017-07-01T13:29:25","date_gmt":"2017-07-01T16:29:25","guid":{"rendered":"https:\/\/petshopfornazari.com.br\/?page_id=732"},"modified":"2017-07-01T13:32:15","modified_gmt":"2017-07-01T16:32:15","slug":"raio-x","status":"publish","type":"page","link":"https:\/\/petshopfornazari.com.br\/index.php\/raio-x\/","title":{"rendered":"Raio X"},"content":{"rendered":"<div id=\"pl-732\"  class=\"panel-layout\" ><div id=\"pg-732-0\"  class=\"panel-grid panel-no-style\" ><div id=\"pgc-732-0-0\"  class=\"panel-grid-cell\" ><div id=\"panel-732-0-0-0\" class=\"so-panel widget widget_sow-editor panel-first-child panel-last-child\" data-index=\"0\" ><div class=\"panel-widget-style panel-widget-style-for-732-0-0-0\" ><div class=\"so-widget-sow-editor so-widget-sow-editor-base\">\n<div class=\"siteorigin-widget-tinymce textwidget\">\n\t<p><span style=\"font-family: arial,helvetica,sans-serif; font-size: 14pt;\"><strong>Raio X<\/strong><\/span><\/p>\n<p><span style=\"font-family: arial,helvetica,sans-serif; font-size: 14pt;\">O raios X \u00e9 uma forma de radia\u00e7\u00e3o eletromagn\u00e9tica, de natureza semelhante \u00e0 luz. A maioria dos raios X possuem comprimentos de onda entre 0,01 a 10 nan\u00f3metros.<\/span><\/p>\n<p><span style=\"font-family: arial,helvetica,sans-serif; font-size: 14pt;\">A produ\u00e7\u00e3o de raios X se deve principalmente devido \u00e0 transi\u00e7\u00f5es de el\u00e9trons nos \u00e1tomos, ou da desacelera\u00e7\u00e3o de part\u00edculas energ\u00e9ticas carregadas. Como toda energia eletromagn\u00e9tica de natureza ondulat\u00f3ria, os raios X sofrem interfer\u00eancia, polariza\u00e7\u00e3o, refra\u00e7\u00e3o, difra\u00e7\u00e3o, reflex\u00e3o, entre outros efeitos. Embora de comprimento de onda muito menor, sua natureza eletromagn\u00e9tica \u00e9 id\u00eantica \u00e0 da luz.<\/span><\/p>\n<p><span style=\"color: #ff0000; font-size: 14pt; font-family: arial,helvetica,sans-serif;\">OBS.: Todos os exames s\u00e3o realizados com hora marcada e com encaminhamento do veterin\u00e1rio.<\/span><\/p>\n<p>\u00a0<\/p>\n<p>Fonte: Wikipedia<\/p>\n<\/div>\n<\/div><\/div><\/div><\/div><\/div><\/div>","protected":false},"excerpt":{"rendered":"<p>Raio XO raios X \u00e9 uma forma de radia\u00e7\u00e3o eletromagn\u00e9tica, de natureza semelhante \u00e0 luz. A maioria dos raios X possuem comprimentos de onda entre 0,01 a 10 nan\u00f3metros.A produ\u00e7\u00e3o de raios X se deve principalmente devido \u00e0 transi\u00e7\u00f5es de el\u00e9trons nos \u00e1tomos, ou da desacelera\u00e7\u00e3o de part\u00edculas energ\u00e9ticas carregadas. Como toda energia eletromagn\u00e9tica de [&hellip;]<\/p>\n","protected":false},"author":1,"featured_media":0,"parent":0,"menu_order":0,"comment_status":"closed","ping_status":"closed","template":"","meta":{"_joinchat":[]},"_links":{"self":[{"href":"https:\/\/petshopfornazari.com.br\/index.php\/wp-json\/wp\/v2\/pages\/732"}],"collection":[{"href":"https:\/\/petshopfornazari.com.br\/index.php\/wp-json\/wp\/v2\/pages"}],"about":[{"href":"https:\/\/petshopfornazari.com.br\/index.php\/wp-json\/wp\/v2\/types\/page"}],"author":[{"embeddable":true,"href":"https:\/\/petshopfornazari.com.br\/index.php\/wp-json\/wp\/v2\/users\/1"}],"replies":[{"embeddable":true,"href":"https:\/\/petshopfornazari.com.br\/index.php\/wp-json\/wp\/v2\/comments?post=732"}],"version-history":[{"count":5,"href":"https:\/\/petshopfornazari.com.br\/index.php\/wp-json\/wp\/v2\/pages\/732\/revisions"}],"predecessor-version":[{"id":740,"href":"https:\/\/petshopfornazari.com.br\/index.php\/wp-json\/wp\/v2\/pages\/732\/revisions\/740"}],"wp:attachment":[{"href":"https:\/\/petshopfornazari.com.br\/index.php\/wp-json\/wp\/v2\/media?parent=732"}],"curies":[{"name":"wp","href":"https:\/\/api.w.org\/{rel}","templated":true}]}}