{"id":741,"date":"2017-07-01T13:36:07","date_gmt":"2017-07-01T16:36:07","guid":{"rendered":"https:\/\/petshopfornazari.com.br\/?page_id=741"},"modified":"2017-07-01T13:37:54","modified_gmt":"2017-07-01T16:37:54","slug":"ultrassom-ocular","status":"publish","type":"page","link":"https:\/\/petshopfornazari.com.br\/index.php\/ultrassom-ocular\/","title":{"rendered":"Ultrassom Ocular"},"content":{"rendered":"<div id=\"pl-741\"  class=\"panel-layout\" ><div id=\"pg-741-0\"  class=\"panel-grid panel-no-style\" ><div id=\"pgc-741-0-0\"  class=\"panel-grid-cell\" ><div id=\"panel-741-0-0-0\" class=\"so-panel widget widget_sow-editor panel-first-child panel-last-child\" data-index=\"0\" ><div class=\"panel-widget-style panel-widget-style-for-741-0-0-0\" ><div class=\"so-widget-sow-editor so-widget-sow-editor-base\">\n<div class=\"siteorigin-widget-tinymce textwidget\">\n\t<p><strong><span style=\"font-family: arial,helvetica,sans-serif; font-size: 14pt;\">Ultrassom Ocular<\/span><\/strong><\/p>\n<p><span class=\"st\" style=\"font-family: arial,helvetica,sans-serif; font-size: 14pt;\">Ultrassom Ocular \u00e9 o exame oftalmol\u00f3gico que avalia as estruturas internas do globo <em>ocular<\/em><\/span><\/p>\n<p><span style=\"font-family: arial,helvetica,sans-serif; font-size: 14pt; color: #ff0000;\">OBS.: Todos os exames s\u00e3o realizados com hora marcada e com encaminhamento do veterin\u00e1rio.<\/span><\/p>\n<\/div>\n<\/div><\/div><\/div><\/div><\/div><\/div>","protected":false},"excerpt":{"rendered":"<p>Ultrassom OcularUltrassom Ocular \u00e9 o exame oftalmol\u00f3gico que avalia as estruturas internas do globo ocularOBS.: Todos os exames s\u00e3o realizados com hora marcada e com encaminhamento do veterin\u00e1rio.<\/p>\n","protected":false},"author":1,"featured_media":0,"parent":0,"menu_order":0,"comment_status":"closed","ping_status":"closed","template":"","meta":{"_joinchat":[]},"_links":{"self":[{"href":"https:\/\/petshopfornazari.com.br\/index.php\/wp-json\/wp\/v2\/pages\/741"}],"collection":[{"href":"https:\/\/petshopfornazari.com.br\/index.php\/wp-json\/wp\/v2\/pages"}],"about":[{"href":"https:\/\/petshopfornazari.com.br\/index.php\/wp-json\/wp\/v2\/types\/page"}],"author":[{"embeddable":true,"href":"https:\/\/petshopfornazari.com.br\/index.php\/wp-json\/wp\/v2\/users\/1"}],"replies":[{"embeddable":true,"href":"https:\/\/petshopfornazari.com.br\/index.php\/wp-json\/wp\/v2\/comments?post=741"}],"version-history":[{"count":5,"href":"https:\/\/petshopfornazari.com.br\/index.php\/wp-json\/wp\/v2\/pages\/741\/revisions"}],"predecessor-version":[{"id":748,"href":"https:\/\/petshopfornazari.com.br\/index.php\/wp-json\/wp\/v2\/pages\/741\/revisions\/748"}],"wp:attachment":[{"href":"https:\/\/petshopfornazari.com.br\/index.php\/wp-json\/wp\/v2\/media?parent=741"}],"curies":[{"name":"wp","href":"https:\/\/api.w.org\/{rel}","templated":true}]}}